{"id":179694,"date":"2025-12-21T13:04:09","date_gmt":"2025-12-21T10:04:09","guid":{"rendered":"https:\/\/baldumarket.lt\/product\/polka-wiszaca-sangero-san-064-03\/"},"modified":"2026-03-04T18:19:23","modified_gmt":"2026-03-04T15:19:23","slug":"polka-wiszaca-sangero-san-064-03","status":"publish","type":"product","link":"https:\/\/baldumarket.lt\/lt\/product\/polka-wiszaca-sangero-san-064-03\/","title":{"rendered":"SANGERO pakabinama lentyna &#8211; SAN.064.03"},"content":{"rendered":"<p>Pakabinama lentyna \u201eSangero\u201c (SAN.064.03) \u2013 stilingas ir prakti\u0161kas sprendimas daiktams laikyti ir eksponuoti namuose. Pagaminta i\u0161 nat\u016bralaus \u0105\u017euolo faneros ir keramikos, \u0161i lentyna suteikia elegancijos ir originalumo. Ji turi tris stiklines lentynas, leid\u017eian\u010dias eksponuoti daiktus i\u0161 abiej\u0173 pusi\u0173. Ap\u0161vietimas lentynos viduje suteikia subtili\u0173 akcent\u0173. \u0160i universali lentyna tinka \u012fvairiems kambariams, pavyzd\u017eiui, svetainei, valgomajam ar miegamajam. Ji puikiai tinka eksponuoti papuo\u0161alus, knygas ir kitus daiktus. Tvirta konstrukcija ir auk\u0161tos kokyb\u0117s med\u017eiagos garantuoja ilgaam\u017ei\u0161kum\u0105 ir esteti\u0161k\u0105 i\u0161vaizd\u0105. Tai puikus sprendimas tiems, kurie vertina funkcionalum\u0105 ir gro\u017e\u012f savo namuose.<\/p>","protected":false},"excerpt":{"rendered":"<p>Plotis: 60 cm<br \/>\nGylis: 29 cm<br \/>\nAuk\u0161tis: 105 cm<\/p>","protected":false},"featured_media":179695,"comment_status":"open","ping_status":"open","template":"","meta":[],"product_brand":[],"product_cat":[9800,1174,4745],"product_tag":[],"class_list":{"0":"post-179694","1":"product","2":"type-product","3":"status-publish","4":"has-post-thumbnail","6":"product_cat-furniture-system-sangero-krysiak","7":"product_cat-hanging-shelves","8":"product_cat-krysiak","10":"first","11":"instock","12":"purchasable","13":"product-type-simple"},"_links":{"self":[{"href":"https:\/\/baldumarket.lt\/lt\/wp-json\/wp\/v2\/product\/179694","targetHints":{"allow":["GET"]}}],"collection":[{"href":"https:\/\/baldumarket.lt\/lt\/wp-json\/wp\/v2\/product"}],"about":[{"href":"https:\/\/baldumarket.lt\/lt\/wp-json\/wp\/v2\/types\/product"}],"replies":[{"embeddable":true,"href":"https:\/\/baldumarket.lt\/lt\/wp-json\/wp\/v2\/comments?post=179694"}],"wp:featuredmedia":[{"embeddable":true,"href":"https:\/\/baldumarket.lt\/lt\/wp-json\/wp\/v2\/media\/179695"}],"wp:attachment":[{"href":"https:\/\/baldumarket.lt\/lt\/wp-json\/wp\/v2\/media?parent=179694"}],"wp:term":[{"taxonomy":"product_brand","embeddable":true,"href":"https:\/\/baldumarket.lt\/lt\/wp-json\/wp\/v2\/product_brand?post=179694"},{"taxonomy":"product_cat","embeddable":true,"href":"https:\/\/baldumarket.lt\/lt\/wp-json\/wp\/v2\/product_cat?post=179694"},{"taxonomy":"product_tag","embeddable":true,"href":"https:\/\/baldumarket.lt\/lt\/wp-json\/wp\/v2\/product_tag?post=179694"}],"curies":[{"name":"wp","href":"https:\/\/api.w.org\/{rel}","templated":true}]}}