{"id":179692,"date":"2025-12-21T13:04:08","date_gmt":"2025-12-21T10:04:08","guid":{"rendered":"https:\/\/baldumarket.lt\/product\/polka-wiszaca-granada-gra-064-05\/"},"modified":"2026-03-04T18:02:17","modified_gmt":"2026-03-04T15:02:17","slug":"polka-wiszaca-granada-gra-064-05","status":"publish","type":"product","link":"https:\/\/baldumarket.lt\/lt\/product\/polka-wiszaca-granada-gra-064-05\/","title":{"rendered":"Pakabinama lentyna GRANADA \u2013 GRA.064.05"},"content":{"rendered":"<p>Pakabinama lentyna \u201eGranada GRA.064.09\u201c \u2013 funkcionalus ir stilingas j\u016bs\u0173 interjero papildymas. Pagaminta i\u0161 nat\u016bralaus \u0105\u017euolo faneros, lentyna turi tris lakuotas lentynas, kurios suteikia papildomos vietos dekoracijoms, knygoms ar kitiems smulkiems daiktams eksponuoti. D\u0117l eleganti\u0161ko dizaino ir auk\u0161tos kokyb\u0117s apdailos ji puikiai tinka \u012fvairiems interjero dizainams ir stiliams. Pakabinam\u0105 lentyn\u0105 \u201eGranada GRA.064.09\u201c lengva surinkti, ji puikiai atrodys svetain\u0117se, valgomuosiuose, miegamuosiuose, koridoriuose ir biuruose. Suteikdama unikalaus charakterio ir funkcionalumo, \u0161i lentyna bus puikus j\u016bs\u0173 nam\u0173 dekoro papildymas.<\/p>","protected":false},"excerpt":{"rendered":"<p>Plotis: 30 cm<br \/>\nGylis: 21 cm<br \/>\nAuk\u0161tis: 90 cm<\/p>","protected":false},"featured_media":179693,"comment_status":"open","ping_status":"open","template":"","meta":[],"product_brand":[],"product_cat":[9798,1174,4745],"product_tag":[],"class_list":{"0":"post-179692","1":"product","2":"type-product","3":"status-publish","4":"has-post-thumbnail","6":"product_cat-furniture-system-granada-anthracite-krysiak","7":"product_cat-hanging-shelves","8":"product_cat-krysiak","10":"first","11":"instock","12":"purchasable","13":"product-type-simple"},"_links":{"self":[{"href":"https:\/\/baldumarket.lt\/lt\/wp-json\/wp\/v2\/product\/179692","targetHints":{"allow":["GET"]}}],"collection":[{"href":"https:\/\/baldumarket.lt\/lt\/wp-json\/wp\/v2\/product"}],"about":[{"href":"https:\/\/baldumarket.lt\/lt\/wp-json\/wp\/v2\/types\/product"}],"replies":[{"embeddable":true,"href":"https:\/\/baldumarket.lt\/lt\/wp-json\/wp\/v2\/comments?post=179692"}],"wp:featuredmedia":[{"embeddable":true,"href":"https:\/\/baldumarket.lt\/lt\/wp-json\/wp\/v2\/media\/179693"}],"wp:attachment":[{"href":"https:\/\/baldumarket.lt\/lt\/wp-json\/wp\/v2\/media?parent=179692"}],"wp:term":[{"taxonomy":"product_brand","embeddable":true,"href":"https:\/\/baldumarket.lt\/lt\/wp-json\/wp\/v2\/product_brand?post=179692"},{"taxonomy":"product_cat","embeddable":true,"href":"https:\/\/baldumarket.lt\/lt\/wp-json\/wp\/v2\/product_cat?post=179692"},{"taxonomy":"product_tag","embeddable":true,"href":"https:\/\/baldumarket.lt\/lt\/wp-json\/wp\/v2\/product_tag?post=179692"}],"curies":[{"name":"wp","href":"https:\/\/api.w.org\/{rel}","templated":true}]}}