{"id":179690,"date":"2025-12-21T13:04:06","date_gmt":"2025-12-21T10:04:06","guid":{"rendered":"https:\/\/baldumarket.lt\/product\/polka-moreno-mor-061-03\/"},"modified":"2026-03-05T09:25:08","modified_gmt":"2026-03-05T06:25:08","slug":"polka-moreno-mor-061-03","status":"publish","type":"product","link":"https:\/\/baldumarket.lt\/lt\/product\/polka-moreno-mor-061-03\/","title":{"rendered":"MORENO lentyna \u2013 MOR.061.03"},"content":{"rendered":"<p>Pakabinama lentyna \u201eMoreno\u201c \u2013 eleganti\u0161kas ir funkcionalus sprendimas j\u016bs\u0173 interjerui. Pagaminta i\u0161 nat\u016bralaus \u0105\u017euolo faneros, ji suteikia \u0161ilumos ir nat\u016bralaus \u017eavesio. Jos modernus dizainas puikiai dera su \u012fvairiais interjero stiliais, suteikdamas unikalaus charakterio. Lentyna pasi\u017eymi tvirta konstrukcija, u\u017etikrinan\u010dia stabilum\u0105 ir ilgaam\u017ei\u0161kum\u0105. J\u0105 galite tvirtinti prie sienos, taip sutaupydami vertingos grind\u0173 vietos. Ji puikiai tinka eksponuoti dekoracijas, knygas, nuotraukas ar kolekcionuojamus daiktus.<\/p>","protected":false},"excerpt":{"rendered":"<p>Plotis: 127 cm<br \/>\nGylis: 24 cm<br \/>\nAuk\u0161tis: 21 cm<\/p>","protected":false},"featured_media":179691,"comment_status":"open","ping_status":"open","template":"","meta":[],"product_brand":[],"product_cat":[9802,1174,4745],"product_tag":[],"class_list":{"0":"post-179690","1":"product","2":"type-product","3":"status-publish","4":"has-post-thumbnail","6":"product_cat-furniture-system-moreno-krysiak","7":"product_cat-hanging-shelves","8":"product_cat-krysiak","10":"first","11":"instock","12":"purchasable","13":"product-type-simple"},"_links":{"self":[{"href":"https:\/\/baldumarket.lt\/lt\/wp-json\/wp\/v2\/product\/179690","targetHints":{"allow":["GET"]}}],"collection":[{"href":"https:\/\/baldumarket.lt\/lt\/wp-json\/wp\/v2\/product"}],"about":[{"href":"https:\/\/baldumarket.lt\/lt\/wp-json\/wp\/v2\/types\/product"}],"replies":[{"embeddable":true,"href":"https:\/\/baldumarket.lt\/lt\/wp-json\/wp\/v2\/comments?post=179690"}],"wp:featuredmedia":[{"embeddable":true,"href":"https:\/\/baldumarket.lt\/lt\/wp-json\/wp\/v2\/media\/179691"}],"wp:attachment":[{"href":"https:\/\/baldumarket.lt\/lt\/wp-json\/wp\/v2\/media?parent=179690"}],"wp:term":[{"taxonomy":"product_brand","embeddable":true,"href":"https:\/\/baldumarket.lt\/lt\/wp-json\/wp\/v2\/product_brand?post=179690"},{"taxonomy":"product_cat","embeddable":true,"href":"https:\/\/baldumarket.lt\/lt\/wp-json\/wp\/v2\/product_cat?post=179690"},{"taxonomy":"product_tag","embeddable":true,"href":"https:\/\/baldumarket.lt\/lt\/wp-json\/wp\/v2\/product_tag?post=179690"}],"curies":[{"name":"wp","href":"https:\/\/api.w.org\/{rel}","templated":true}]}}