{"id":179683,"date":"2025-12-21T13:04:00","date_gmt":"2025-12-21T10:04:00","guid":{"rendered":"https:\/\/baldumarket.lt\/product\/polka-loft-lof-065-dx\/"},"modified":"2026-03-04T18:35:56","modified_gmt":"2026-03-04T15:35:56","slug":"polka-loft-lof-065-dx","status":"publish","type":"product","link":"https:\/\/baldumarket.lt\/lt\/product\/polka-loft-lof-065-dx\/","title":{"rendered":"LOFT lentyna \u2013 LOF.065.DX"},"content":{"rendered":"<p>Pakabinama lentyna \u201eLoft\u201c \u2013 funkcionalus ir stilingas sprendimas j\u016bs\u0173 interjerui. Pagaminta i\u0161 neapdorotos medienos masyvo, lentyna puikiai dera su industriniu ir moderniu stiliais. Tvirtas sienos laikiklis u\u017etikrina stabilum\u0105, o minimalistinis dizainas suteikia j\u016bs\u0173 interjerui unikalumo. Naudokite j\u0105 daiktams eksponuoti ir sukurkite unikali\u0105 erdv\u0119 savo namuose.<\/p>","protected":false},"excerpt":{"rendered":"<p>Plotis: 127 cm<br \/>\nGylis: 24 cm<br \/>\nAuk\u0161tis: 18 cm<\/p>","protected":false},"featured_media":179684,"comment_status":"open","ping_status":"open","template":"","meta":[],"product_brand":[],"product_cat":[9799,1174,4745],"product_tag":[],"class_list":{"0":"post-179683","1":"product","2":"type-product","3":"status-publish","4":"has-post-thumbnail","6":"product_cat-furniture-system-loft-krysiak","7":"product_cat-hanging-shelves","8":"product_cat-krysiak","10":"first","11":"instock","12":"purchasable","13":"product-type-simple"},"_links":{"self":[{"href":"https:\/\/baldumarket.lt\/lt\/wp-json\/wp\/v2\/product\/179683","targetHints":{"allow":["GET"]}}],"collection":[{"href":"https:\/\/baldumarket.lt\/lt\/wp-json\/wp\/v2\/product"}],"about":[{"href":"https:\/\/baldumarket.lt\/lt\/wp-json\/wp\/v2\/types\/product"}],"replies":[{"embeddable":true,"href":"https:\/\/baldumarket.lt\/lt\/wp-json\/wp\/v2\/comments?post=179683"}],"wp:featuredmedia":[{"embeddable":true,"href":"https:\/\/baldumarket.lt\/lt\/wp-json\/wp\/v2\/media\/179684"}],"wp:attachment":[{"href":"https:\/\/baldumarket.lt\/lt\/wp-json\/wp\/v2\/media?parent=179683"}],"wp:term":[{"taxonomy":"product_brand","embeddable":true,"href":"https:\/\/baldumarket.lt\/lt\/wp-json\/wp\/v2\/product_brand?post=179683"},{"taxonomy":"product_cat","embeddable":true,"href":"https:\/\/baldumarket.lt\/lt\/wp-json\/wp\/v2\/product_cat?post=179683"},{"taxonomy":"product_tag","embeddable":true,"href":"https:\/\/baldumarket.lt\/lt\/wp-json\/wp\/v2\/product_tag?post=179683"}],"curies":[{"name":"wp","href":"https:\/\/api.w.org\/{rel}","templated":true}]}}