{"id":179681,"date":"2025-12-21T13:03:58","date_gmt":"2025-12-21T10:03:58","guid":{"rendered":"https:\/\/baldumarket.lt\/product\/lustro-okragle-monaco-mona-067-14\/"},"modified":"2026-03-04T17:55:41","modified_gmt":"2026-03-04T14:55:41","slug":"lustro-okragle-monaco-mona-067-14","status":"publish","type":"product","link":"https:\/\/baldumarket.lt\/lt\/product\/lustro-okragle-monaco-mona-067-14\/","title":{"rendered":"Apvalus veidrodis MONACO MONA.067.14"},"content":{"rendered":"<p>Apvalus veidrodis MONA.067.14 yra eleganti\u0161kas aksesuaras, puikiai papildantis modern\u0173 interjer\u0105. Subtili, apvali forma su nat\u016bralaus \u0105\u017euolo apdaila paver\u010dia j\u012f veidrod\u017eiu, kuris gali b\u016bti tiek d\u0117mesio centre, tiek diskreti\u0161kas erdv\u0117s papildymas. Veidrod\u017eio kra\u0161tai kruop\u0161\u010diai apdirbti med\u017eiu, suteikiant jam elegancijos ir \u0161ilumos. Puikiai tinka prie\u0161kambariui, vonios kambariui ar miegamajam, kur funkcionalumas dera su estetika. D\u0117l savo universalios formos veidrodis dera prie \u012fvairi\u0173 interjero stili\u0173 \u2013 nuo minimalistinio iki klasikinio.<\/p>","protected":false},"excerpt":{"rendered":"<p>Apvalus veidrodis MONA.067.14 yra eleganti\u0161kas aksesuaras, puikiai papildantis modern\u0173 interjer\u0105. Subtili, apvali forma su nat\u016bralaus \u0105\u017euolo apdaila paver\u010dia j\u012f veidrod\u017eiu, kuris gali b\u016bti tiek d\u0117mesio centre, tiek diskreti\u0161kas erdv\u0117s papildymas. Veidrod\u017eio kra\u0161tai kruop\u0161\u010diai apdirbti med\u017eiu, suteikiant jam elegancijos ir \u0161ilumos. Puikus [\u2026]<\/p>","protected":false},"featured_media":179682,"comment_status":"open","ping_status":"open","template":"","meta":[],"product_brand":[],"product_cat":[9796,4745,1108],"product_tag":[],"class_list":{"0":"post-179681","1":"product","2":"type-product","3":"status-publish","4":"has-post-thumbnail","6":"product_cat-furniture-system-monaco-krysiak","7":"product_cat-krysiak","8":"product_cat-mirrors","10":"first","11":"instock","12":"purchasable","13":"product-type-simple"},"_links":{"self":[{"href":"https:\/\/baldumarket.lt\/lt\/wp-json\/wp\/v2\/product\/179681","targetHints":{"allow":["GET"]}}],"collection":[{"href":"https:\/\/baldumarket.lt\/lt\/wp-json\/wp\/v2\/product"}],"about":[{"href":"https:\/\/baldumarket.lt\/lt\/wp-json\/wp\/v2\/types\/product"}],"replies":[{"embeddable":true,"href":"https:\/\/baldumarket.lt\/lt\/wp-json\/wp\/v2\/comments?post=179681"}],"wp:featuredmedia":[{"embeddable":true,"href":"https:\/\/baldumarket.lt\/lt\/wp-json\/wp\/v2\/media\/179682"}],"wp:attachment":[{"href":"https:\/\/baldumarket.lt\/lt\/wp-json\/wp\/v2\/media?parent=179681"}],"wp:term":[{"taxonomy":"product_brand","embeddable":true,"href":"https:\/\/baldumarket.lt\/lt\/wp-json\/wp\/v2\/product_brand?post=179681"},{"taxonomy":"product_cat","embeddable":true,"href":"https:\/\/baldumarket.lt\/lt\/wp-json\/wp\/v2\/product_cat?post=179681"},{"taxonomy":"product_tag","embeddable":true,"href":"https:\/\/baldumarket.lt\/lt\/wp-json\/wp\/v2\/product_tag?post=179681"}],"curies":[{"name":"wp","href":"https:\/\/api.w.org\/{rel}","templated":true}]}}