{"id":179679,"date":"2025-12-21T13:03:57","date_gmt":"2025-12-21T10:03:57","guid":{"rendered":"https:\/\/baldumarket.lt\/product\/lozko-provance-180-pro-096-02\/"},"modified":"2026-03-05T09:39:25","modified_gmt":"2026-03-05T06:39:25","slug":"lozko-provance-180-pro-096-02","status":"publish","type":"product","link":"https:\/\/baldumarket.lt\/lt\/product\/lozko-provance-180-pro-096-02\/","title":{"rendered":"Lova PROVANCE 180 \u2013 PRO.096.02"},"content":{"rendered":"<p>\u201eProvance\u201c lova \u2013 eleganti\u0161kas baldas, kuris j\u016bs\u0173 miegamajam suteiks i\u0161skirtinio \u017eavesio ir stiliaus. Skoningai dekoruoti galv\u016bgaliai suteikia rafinuotumo ir prabangos \u012fsp\u016bd\u012f. Tai tobulas estetikos ir funkcionalumo derinys. Pagaminta i\u0161 auk\u0161tos kokyb\u0117s med\u017eiag\u0173, \u201eProvance\u201c lova u\u017etikrina patvarum\u0105 ir komfort\u0105 ilgus metus. Kruop\u0161\u010diai pagamintos detal\u0117s ir subtil\u016bs papuo\u0161imai suteikia lovos i\u0161skirtinio \u017eavesio. D\u0117l skoningai dekoruoto galv\u016bgalio \u201eProvance\u201c lova tampa miegamojo d\u0117mesio centru, sukurdama atsipalaidavimo ir komforto atmosfer\u0105. Tai puiki vieta pails\u0117ti ir atsigauti po ilgos dienos. \u201eProvance\u201c lova \u2013 puikus pasirinkimas tiems, kurie vertina gro\u017e\u012f, stili\u0173 ir komfort\u0105 miegamajame.<\/p>","protected":false},"excerpt":{"rendered":"<p>Plotis: 180 cm<br \/>\nGylis: 210 cm<br \/>\nAuk\u0161tis: 100 cm<\/p>","protected":false},"featured_media":179680,"comment_status":"open","ping_status":"open","template":"","meta":[],"product_brand":[],"product_cat":[9801,505,4745],"product_tag":[],"class_list":{"0":"post-179679","1":"product","2":"type-product","3":"status-publish","4":"has-post-thumbnail","6":"product_cat-furniture-system-provance-krysiak","7":"product_cat-bedroom-beds","8":"product_cat-krysiak","10":"first","11":"instock","12":"purchasable","13":"product-type-simple"},"_links":{"self":[{"href":"https:\/\/baldumarket.lt\/lt\/wp-json\/wp\/v2\/product\/179679","targetHints":{"allow":["GET"]}}],"collection":[{"href":"https:\/\/baldumarket.lt\/lt\/wp-json\/wp\/v2\/product"}],"about":[{"href":"https:\/\/baldumarket.lt\/lt\/wp-json\/wp\/v2\/types\/product"}],"replies":[{"embeddable":true,"href":"https:\/\/baldumarket.lt\/lt\/wp-json\/wp\/v2\/comments?post=179679"}],"wp:featuredmedia":[{"embeddable":true,"href":"https:\/\/baldumarket.lt\/lt\/wp-json\/wp\/v2\/media\/179680"}],"wp:attachment":[{"href":"https:\/\/baldumarket.lt\/lt\/wp-json\/wp\/v2\/media?parent=179679"}],"wp:term":[{"taxonomy":"product_brand","embeddable":true,"href":"https:\/\/baldumarket.lt\/lt\/wp-json\/wp\/v2\/product_brand?post=179679"},{"taxonomy":"product_cat","embeddable":true,"href":"https:\/\/baldumarket.lt\/lt\/wp-json\/wp\/v2\/product_cat?post=179679"},{"taxonomy":"product_tag","embeddable":true,"href":"https:\/\/baldumarket.lt\/lt\/wp-json\/wp\/v2\/product_tag?post=179679"}],"curies":[{"name":"wp","href":"https:\/\/api.w.org\/{rel}","templated":true}]}}