{"id":179668,"date":"2025-12-21T13:03:48","date_gmt":"2025-12-21T10:03:48","guid":{"rendered":"https:\/\/baldumarket.lt\/product\/lozko-160-z-pojemnikiem-monaco\/"},"modified":"2026-03-04T17:55:41","modified_gmt":"2026-03-04T14:55:41","slug":"lozko-160-z-pojemnikiem-monaco","status":"publish","type":"product","link":"https:\/\/baldumarket.lt\/lt\/product\/lozko-160-z-pojemnikiem-monaco\/","title":{"rendered":"160 lov\u0173 su MONACO saugykla"},"content":{"rendered":"<p>Lova MONA.096.P.14 \u2013 funkcionalus ir eleganti\u0161kas pasirinkimas tiek moderniems, tiek klasikiniams miegamiesiems. Nat\u016bralios med\u017eiagos, rafinuotos detal\u0117s ir prakti\u0161ki sprendimai derina estetin\u012f patrauklum\u0105 su kasdieniu komfortu.<\/p>","protected":false},"excerpt":{"rendered":"<p>Plotis: 181 cm<br \/>\nGylis: 207 cm<br \/>\nAuk\u0161tis: 94 cm<\/p>","protected":false},"featured_media":179669,"comment_status":"open","ping_status":"open","template":"","meta":[],"product_brand":[],"product_cat":[9796,505,4745],"product_tag":[],"class_list":{"0":"post-179668","1":"product","2":"type-product","3":"status-publish","4":"has-post-thumbnail","6":"product_cat-furniture-system-monaco-krysiak","7":"product_cat-bedroom-beds","8":"product_cat-krysiak","10":"first","11":"instock","12":"purchasable","13":"product-type-simple"},"_links":{"self":[{"href":"https:\/\/baldumarket.lt\/lt\/wp-json\/wp\/v2\/product\/179668","targetHints":{"allow":["GET"]}}],"collection":[{"href":"https:\/\/baldumarket.lt\/lt\/wp-json\/wp\/v2\/product"}],"about":[{"href":"https:\/\/baldumarket.lt\/lt\/wp-json\/wp\/v2\/types\/product"}],"replies":[{"embeddable":true,"href":"https:\/\/baldumarket.lt\/lt\/wp-json\/wp\/v2\/comments?post=179668"}],"wp:featuredmedia":[{"embeddable":true,"href":"https:\/\/baldumarket.lt\/lt\/wp-json\/wp\/v2\/media\/179669"}],"wp:attachment":[{"href":"https:\/\/baldumarket.lt\/lt\/wp-json\/wp\/v2\/media?parent=179668"}],"wp:term":[{"taxonomy":"product_brand","embeddable":true,"href":"https:\/\/baldumarket.lt\/lt\/wp-json\/wp\/v2\/product_brand?post=179668"},{"taxonomy":"product_cat","embeddable":true,"href":"https:\/\/baldumarket.lt\/lt\/wp-json\/wp\/v2\/product_cat?post=179668"},{"taxonomy":"product_tag","embeddable":true,"href":"https:\/\/baldumarket.lt\/lt\/wp-json\/wp\/v2\/product_tag?post=179668"}],"curies":[{"name":"wp","href":"https:\/\/api.w.org\/{rel}","templated":true}]}}