{"id":179659,"date":"2025-12-21T13:03:41","date_gmt":"2025-12-21T10:03:41","guid":{"rendered":"https:\/\/baldumarket.lt\/product\/lozko-140-monaco\/"},"modified":"2026-03-04T17:55:41","modified_gmt":"2026-03-04T14:55:41","slug":"lozko-140-monaco","status":"publish","type":"product","link":"https:\/\/baldumarket.lt\/lt\/product\/lozko-140-monaco\/","title":{"rendered":"Lova 140 MONAKAS"},"content":{"rendered":"<p>Lova MONA.095.14 \u2013 eleganti\u0161kas pasirinkimas miegamajam, kuriame svarbiausia nat\u016brali estetika, tvirta apdaila ir kasdienis komfortas. Harmoningas nat\u016bralaus \u0105\u017euolo faneros ir med\u017eio masyvo element\u0173 derinys suteikia \u0161iam baldui rafinuot\u0105 ir nesenstant\u012f vaizd\u0105, puikiai papildant\u012f tiek modern\u0173, tiek klasikin\u012f interjero dizain\u0105.<\/p>","protected":false},"excerpt":{"rendered":"<p>Plotis: 161 cm<br \/>\nGylis: 207 cm<br \/>\nAuk\u0161tis: 94 cm<\/p>","protected":false},"featured_media":179660,"comment_status":"open","ping_status":"open","template":"","meta":[],"product_brand":[],"product_cat":[9796,505,4745],"product_tag":[],"class_list":{"0":"post-179659","1":"product","2":"type-product","3":"status-publish","4":"has-post-thumbnail","6":"product_cat-furniture-system-monaco-krysiak","7":"product_cat-bedroom-beds","8":"product_cat-krysiak","10":"first","11":"instock","12":"purchasable","13":"product-type-simple"},"_links":{"self":[{"href":"https:\/\/baldumarket.lt\/lt\/wp-json\/wp\/v2\/product\/179659","targetHints":{"allow":["GET"]}}],"collection":[{"href":"https:\/\/baldumarket.lt\/lt\/wp-json\/wp\/v2\/product"}],"about":[{"href":"https:\/\/baldumarket.lt\/lt\/wp-json\/wp\/v2\/types\/product"}],"replies":[{"embeddable":true,"href":"https:\/\/baldumarket.lt\/lt\/wp-json\/wp\/v2\/comments?post=179659"}],"wp:featuredmedia":[{"embeddable":true,"href":"https:\/\/baldumarket.lt\/lt\/wp-json\/wp\/v2\/media\/179660"}],"wp:attachment":[{"href":"https:\/\/baldumarket.lt\/lt\/wp-json\/wp\/v2\/media?parent=179659"}],"wp:term":[{"taxonomy":"product_brand","embeddable":true,"href":"https:\/\/baldumarket.lt\/lt\/wp-json\/wp\/v2\/product_brand?post=179659"},{"taxonomy":"product_cat","embeddable":true,"href":"https:\/\/baldumarket.lt\/lt\/wp-json\/wp\/v2\/product_cat?post=179659"},{"taxonomy":"product_tag","embeddable":true,"href":"https:\/\/baldumarket.lt\/lt\/wp-json\/wp\/v2\/product_tag?post=179659"}],"curies":[{"name":"wp","href":"https:\/\/api.w.org\/{rel}","templated":true}]}}