{"id":179657,"date":"2025-12-21T13:03:39","date_gmt":"2025-12-21T10:03:39","guid":{"rendered":"https:\/\/baldumarket.lt\/product\/lawa-verano-ver-076-15\/"},"modified":"2026-03-04T18:15:12","modified_gmt":"2026-03-04T15:15:12","slug":"lawa-verano-ver-076-15","status":"publish","type":"product","link":"https:\/\/baldumarket.lt\/lt\/product\/lawa-verano-ver-076-15\/","title":{"rendered":"VERANO kavos staliukas &#8211; VER.076.15"},"content":{"rendered":"<p>\u0160is kavos staliukas yra eleganti\u0161kas ir funkcionalus baldas, puikiai tinkantis svetainei. Jame yra du stal\u010diai ir dvi prakti\u0161kos ni\u0161os, tod\u0117l jame galima susid\u0117ti smulkius daiktus, nuotolinio valdymo pultelius ir laikra\u0161\u010dius. Amerikieti\u0161ko rie\u0161uto faneruot\u0117s fasadas ir nat\u016bralaus \u0105\u017euolo fanera i\u0161or\u0117je pabr\u0117\u017eia modern\u0173 baldo charakter\u012f. \u201ePush-up\u201c sistema, savaime u\u017esidarantys b\u0117geliai ir tvirtas metalinis r\u0117mas garantuoja kasdien\u012f komfort\u0105 ir ilgaam\u017ei\u0161kum\u0105.<\/p>","protected":false},"excerpt":{"rendered":"<p>Plotis: 110 cm<br \/>\nGylis: 60 cm<br \/>\nAuk\u0161tis: 45 cm<\/p>","protected":false},"featured_media":179658,"comment_status":"open","ping_status":"open","template":"","meta":[],"product_brand":[],"product_cat":[9793,866,4745],"product_tag":[],"class_list":{"0":"post-179657","1":"product","2":"type-product","3":"status-publish","4":"has-post-thumbnail","6":"product_cat-furniture-system-verano-krysiak-meble","7":"product_cat-coffee-tables","8":"product_cat-krysiak","10":"first","11":"instock","12":"purchasable","13":"product-type-simple"},"_links":{"self":[{"href":"https:\/\/baldumarket.lt\/lt\/wp-json\/wp\/v2\/product\/179657","targetHints":{"allow":["GET"]}}],"collection":[{"href":"https:\/\/baldumarket.lt\/lt\/wp-json\/wp\/v2\/product"}],"about":[{"href":"https:\/\/baldumarket.lt\/lt\/wp-json\/wp\/v2\/types\/product"}],"replies":[{"embeddable":true,"href":"https:\/\/baldumarket.lt\/lt\/wp-json\/wp\/v2\/comments?post=179657"}],"wp:featuredmedia":[{"embeddable":true,"href":"https:\/\/baldumarket.lt\/lt\/wp-json\/wp\/v2\/media\/179658"}],"wp:attachment":[{"href":"https:\/\/baldumarket.lt\/lt\/wp-json\/wp\/v2\/media?parent=179657"}],"wp:term":[{"taxonomy":"product_brand","embeddable":true,"href":"https:\/\/baldumarket.lt\/lt\/wp-json\/wp\/v2\/product_brand?post=179657"},{"taxonomy":"product_cat","embeddable":true,"href":"https:\/\/baldumarket.lt\/lt\/wp-json\/wp\/v2\/product_cat?post=179657"},{"taxonomy":"product_tag","embeddable":true,"href":"https:\/\/baldumarket.lt\/lt\/wp-json\/wp\/v2\/product_tag?post=179657"}],"curies":[{"name":"wp","href":"https:\/\/api.w.org\/{rel}","templated":true}]}}