{"id":179650,"date":"2025-12-21T13:03:34","date_gmt":"2025-12-21T10:03:34","guid":{"rendered":"https:\/\/baldumarket.lt\/product\/lawa-provance-pro-077-02\/"},"modified":"2026-03-05T09:39:25","modified_gmt":"2026-03-05T06:39:25","slug":"lawa-provance-pro-077-02","status":"publish","type":"product","link":"https:\/\/baldumarket.lt\/lt\/product\/lawa-provance-pro-077-02\/","title":{"rendered":"PROVANCE suolas \u2013 PRO.077.02"},"content":{"rendered":"<p>\u201eProvance PRO.077.02\u201c kavos staliukas yra gra\u017eus, 80x49x80 cm dyd\u017eio baldas. Jo stalvir\u0161is pagamintas i\u0161 nat\u016bralios pu\u0161ies faneros, suteikian\u010dios stalui nat\u016brali\u0105 ir maloni\u0105 i\u0161vaizd\u0105. Kojel\u0117s taip pat pagamintos i\u0161 nat\u016bralios pu\u0161ies faneros, tod\u0117l sukuria darni\u0105 visum\u0105. \u0160is kavos staliukas puikiai dera prie kaimi\u0161ko, skandinavi\u0161ko ar minimalistinio stiliaus, suteikdamas bet kokiam interjerui \u0161ilumos ir jaukumo. J\u012f galima naudoti kaip kavos staliuk\u0105 arba kaip papildom\u0105 daikt\u0173 laikymo viet\u0105. \u201eProvance\u201c kavos staliukas yra puikus pasirinkimas tiems, kurie ie\u0161ko paprasto, bet efektyvaus baldo savo interjerui.<\/p>","protected":false},"excerpt":{"rendered":"<p>Plotis: 80 cm<br \/>\nGylis: 80 cm<br \/>\nAuk\u0161tis: 49 cm<\/p>","protected":false},"featured_media":179651,"comment_status":"open","ping_status":"open","template":"","meta":[],"product_brand":[],"product_cat":[9801,866,4745],"product_tag":[],"class_list":{"0":"post-179650","1":"product","2":"type-product","3":"status-publish","4":"has-post-thumbnail","6":"product_cat-furniture-system-provance-krysiak","7":"product_cat-coffee-tables","8":"product_cat-krysiak","10":"first","11":"instock","12":"purchasable","13":"product-type-simple"},"_links":{"self":[{"href":"https:\/\/baldumarket.lt\/lt\/wp-json\/wp\/v2\/product\/179650","targetHints":{"allow":["GET"]}}],"collection":[{"href":"https:\/\/baldumarket.lt\/lt\/wp-json\/wp\/v2\/product"}],"about":[{"href":"https:\/\/baldumarket.lt\/lt\/wp-json\/wp\/v2\/types\/product"}],"replies":[{"embeddable":true,"href":"https:\/\/baldumarket.lt\/lt\/wp-json\/wp\/v2\/comments?post=179650"}],"wp:featuredmedia":[{"embeddable":true,"href":"https:\/\/baldumarket.lt\/lt\/wp-json\/wp\/v2\/media\/179651"}],"wp:attachment":[{"href":"https:\/\/baldumarket.lt\/lt\/wp-json\/wp\/v2\/media?parent=179650"}],"wp:term":[{"taxonomy":"product_brand","embeddable":true,"href":"https:\/\/baldumarket.lt\/lt\/wp-json\/wp\/v2\/product_brand?post=179650"},{"taxonomy":"product_cat","embeddable":true,"href":"https:\/\/baldumarket.lt\/lt\/wp-json\/wp\/v2\/product_cat?post=179650"},{"taxonomy":"product_tag","embeddable":true,"href":"https:\/\/baldumarket.lt\/lt\/wp-json\/wp\/v2\/product_tag?post=179650"}],"curies":[{"name":"wp","href":"https:\/\/api.w.org\/{rel}","templated":true}]}}