{"id":179646,"date":"2025-12-21T13:03:31","date_gmt":"2025-12-21T10:03:31","guid":{"rendered":"https:\/\/baldumarket.lt\/product\/lawa-provance-pro-075-02\/"},"modified":"2026-03-05T09:39:25","modified_gmt":"2026-03-05T06:39:25","slug":"lawa-provance-pro-075-02","status":"publish","type":"product","link":"https:\/\/baldumarket.lt\/lt\/product\/lawa-provance-pro-075-02\/","title":{"rendered":"PROVANCE suoliukas \u2013 PRO.075.02"},"content":{"rendered":"<p>\u201eProvance PRO.075.02\u201c kavos staliukas yra unikalus baldas, kurio matmenys \u2013 130 x 42 x 59 cm. Pagamintas vien i\u0161 med\u017eio masyvo, jis yra tvirtas ir ilgaam\u017eis. Paprastos linijos ir eleganti\u0161ka apdaila puikiai dera prie \u012fvairi\u0173 interjero stili\u0173, suteikia \u017eavesio ir nat\u016bralumo gro\u017eio. Tai funkcionalus dizaino elementas, kur\u012f galima naudoti daiktams laikyti, dekoracijoms ar kaip kavos staliuk\u0105. \u201eProvance\u201c kavos staliukas yra puikus pasirinkimas tiems, kurie vertina gro\u017e\u012f ir kokybi\u0161k\u0105 meistri\u0161kum\u0105.<\/p>","protected":false},"excerpt":{"rendered":"<p>Plotis: 130 cm<br \/>\nGylis: 59 cm<br \/>\nAuk\u0161tis: 42 cm<\/p>","protected":false},"featured_media":179647,"comment_status":"open","ping_status":"open","template":"","meta":[],"product_brand":[],"product_cat":[9801,866,4745],"product_tag":[],"class_list":{"0":"post-179646","1":"product","2":"type-product","3":"status-publish","4":"has-post-thumbnail","6":"product_cat-furniture-system-provance-krysiak","7":"product_cat-coffee-tables","8":"product_cat-krysiak","10":"first","11":"instock","12":"purchasable","13":"product-type-simple"},"_links":{"self":[{"href":"https:\/\/baldumarket.lt\/lt\/wp-json\/wp\/v2\/product\/179646","targetHints":{"allow":["GET"]}}],"collection":[{"href":"https:\/\/baldumarket.lt\/lt\/wp-json\/wp\/v2\/product"}],"about":[{"href":"https:\/\/baldumarket.lt\/lt\/wp-json\/wp\/v2\/types\/product"}],"replies":[{"embeddable":true,"href":"https:\/\/baldumarket.lt\/lt\/wp-json\/wp\/v2\/comments?post=179646"}],"wp:featuredmedia":[{"embeddable":true,"href":"https:\/\/baldumarket.lt\/lt\/wp-json\/wp\/v2\/media\/179647"}],"wp:attachment":[{"href":"https:\/\/baldumarket.lt\/lt\/wp-json\/wp\/v2\/media?parent=179646"}],"wp:term":[{"taxonomy":"product_brand","embeddable":true,"href":"https:\/\/baldumarket.lt\/lt\/wp-json\/wp\/v2\/product_brand?post=179646"},{"taxonomy":"product_cat","embeddable":true,"href":"https:\/\/baldumarket.lt\/lt\/wp-json\/wp\/v2\/product_cat?post=179646"},{"taxonomy":"product_tag","embeddable":true,"href":"https:\/\/baldumarket.lt\/lt\/wp-json\/wp\/v2\/product_tag?post=179646"}],"curies":[{"name":"wp","href":"https:\/\/api.w.org\/{rel}","templated":true}]}}