{"id":179644,"date":"2025-12-21T13:03:29","date_gmt":"2025-12-21T10:03:29","guid":{"rendered":"https:\/\/baldumarket.lt\/product\/lawa-loft-lof-076-dx\/"},"modified":"2026-03-04T18:35:56","modified_gmt":"2026-03-04T15:35:56","slug":"lawa-loft-lof-076-dx","status":"publish","type":"product","link":"https:\/\/baldumarket.lt\/lt\/product\/lawa-loft-lof-076-dx\/","title":{"rendered":"LOFT kavos staliukas &#8211; LOF.076.DX"},"content":{"rendered":"<p>\u201eLoft\u201c kavos staliukas \u2013 tai dizainerio sprendimas, puikiai derantis prie lofto stiliaus estetikos. Minimalistin\u0117 forma ir \u017ealiav\u0173 derinys sukuria unikal\u0173 charakter\u012f ir i\u0161skirtin\u0119 atmosfer\u0105. Stalvir\u0161is pagamintas i\u0161 100% masyvios medienos, su nat\u016bralia apdaila be joki\u0173 skilim\u0173. Naudota laukinio \u0105\u017euolo mediena suteikia stalui nat\u016bralaus, neapdoroto \u017eavesio ir unikal\u0173 charakter\u012f. Tai puiki vieta pasid\u0117ti dekoracijas, knygas ar puodel\u012f kavos, sukuriant jauk\u0173 kampel\u012f j\u016bs\u0173 interjere. Stalo koja pagaminta i\u0161 juodo metalo, suteikian\u010dio baldui tvirtumo ir stabilumo. Pasvirusi koj\u0173 forma suteikia \u201eLoft\u201c kavos staliukui unikali\u0105 ir industrin\u0119 i\u0161vaizd\u0105, puikiai deran\u010di\u0105 prie lofto stiliaus. \u201eLoft\u201c kavos staliukas yra ne tik prakti\u0161kas baldas, bet ir i\u0161skirtinis interjero elementas. D\u0117l unikalaus dizaino ir auk\u0161tos kokyb\u0117s gamybos \u0161is kavos staliukas puikiai tiks svetain\u0117je, koridoriuje ar sve\u010di\u0173 kambaryje. \u012etraukite lofto stiliaus dvasi\u0105 \u012f savo interjer\u0105 ir pasisemkite \u012fkv\u0117pimo i\u0161 \u201eLoft\u201c kavos staliuko si\u016blomo paprastumo ir grie\u017etumo. Sukurkite erdv\u0119, kuri spinduliuoja unikalia atmosfera ir u\u017etikrina patog\u0173 poils\u012f.<\/p>","protected":false},"excerpt":{"rendered":"<p>Plotis: 125 cm<br \/>\nGylis: 65 cm<br \/>\nAuk\u0161tis: 45 cm<\/p>","protected":false},"featured_media":179645,"comment_status":"open","ping_status":"open","template":"","meta":[],"product_brand":[],"product_cat":[9799,866,4745],"product_tag":[],"class_list":{"0":"post-179644","1":"product","2":"type-product","3":"status-publish","4":"has-post-thumbnail","6":"product_cat-furniture-system-loft-krysiak","7":"product_cat-coffee-tables","8":"product_cat-krysiak","10":"first","11":"instock","12":"purchasable","13":"product-type-simple"},"_links":{"self":[{"href":"https:\/\/baldumarket.lt\/lt\/wp-json\/wp\/v2\/product\/179644","targetHints":{"allow":["GET"]}}],"collection":[{"href":"https:\/\/baldumarket.lt\/lt\/wp-json\/wp\/v2\/product"}],"about":[{"href":"https:\/\/baldumarket.lt\/lt\/wp-json\/wp\/v2\/types\/product"}],"replies":[{"embeddable":true,"href":"https:\/\/baldumarket.lt\/lt\/wp-json\/wp\/v2\/comments?post=179644"}],"wp:featuredmedia":[{"embeddable":true,"href":"https:\/\/baldumarket.lt\/lt\/wp-json\/wp\/v2\/media\/179645"}],"wp:attachment":[{"href":"https:\/\/baldumarket.lt\/lt\/wp-json\/wp\/v2\/media?parent=179644"}],"wp:term":[{"taxonomy":"product_brand","embeddable":true,"href":"https:\/\/baldumarket.lt\/lt\/wp-json\/wp\/v2\/product_brand?post=179644"},{"taxonomy":"product_cat","embeddable":true,"href":"https:\/\/baldumarket.lt\/lt\/wp-json\/wp\/v2\/product_cat?post=179644"},{"taxonomy":"product_tag","embeddable":true,"href":"https:\/\/baldumarket.lt\/lt\/wp-json\/wp\/v2\/product_tag?post=179644"}],"curies":[{"name":"wp","href":"https:\/\/api.w.org\/{rel}","templated":true}]}}