{"id":179640,"date":"2025-12-21T13:03:26","date_gmt":"2025-12-21T10:03:26","guid":{"rendered":"https:\/\/baldumarket.lt\/product\/lawa-can-075-13\/"},"modified":"2026-03-04T18:11:08","modified_gmt":"2026-03-04T15:11:08","slug":"lawa-can-075-13","status":"publish","type":"product","link":"https:\/\/baldumarket.lt\/lt\/product\/lawa-can-075-13\/","title":{"rendered":"Suoliukas CANTIERO CAN.075.13"},"content":{"rendered":"<p>\u0160is kavos staliukas yra eleganti\u0161kas ir tvirtai pagamintas baldas, puikiai tinkantis svetainei ar poilsio zonai. Stalvir\u0161is pagamintas i\u0161 nat\u016bralaus \u0105\u017euolo faneros su masyvia med\u017eio luk\u0161tu, u\u017etikrinan\u010diu patvarum\u0105 ir estetin\u012f patrauklum\u0105. Papildoma lentyna, pagaminta i\u0161 nat\u016bralaus \u0105\u017euolo faneros, suteikia prakti\u0161k\u0105 viet\u0105 laikra\u0161\u010diams, nuotolinio valdymo pultams ar kitiems smulkiems daiktams. Grioveliais dekoruotas karkasas ir masyvios \u0105\u017euolo kojel\u0117s pabr\u0117\u017eia klasikin\u012f stili\u0173 ir auk\u0161t\u0105 gamybos kokyb\u0119. Visas baldas, apdailintas \u0161iltu karamelinio \u0105\u017euolo atspalviu, sukuria jauki\u0105 atmosfer\u0105.<\/p>","protected":false},"excerpt":{"rendered":"<p>\u0160is kavos staliukas yra eleganti\u0161kas ir tvirtai pagamintas baldas, puikiai tinkantis svetainei ar poilsio zonai. Staliukas pagamintas i\u0161 nat\u016bralaus \u0105\u017euolo faneros su med\u017eio masyvo luk\u0161tu, u\u017etikrinan\u010diu patvarum\u0105 ir estetin\u012f patrauklum\u0105. Papildoma lentyna, pagaminta i\u0161 nat\u016bralaus \u0105\u017euolo faneros, suteikia prakti\u0161k\u0105 viet\u0105 laikra\u0161\u010diams, nuotolinio valdymo pultams ar [\u2026]<\/p>","protected":false},"featured_media":179641,"comment_status":"open","ping_status":"open","template":"","meta":[],"product_brand":[],"product_cat":[9792,9795,866,4745],"product_tag":[],"class_list":{"0":"post-179640","1":"product","2":"type-product","3":"status-publish","4":"has-post-thumbnail","6":"product_cat-furniture-system-cantiero-krysiak-meble","7":"product_cat-furniture-system-cantiero-walnut-krysiak","8":"product_cat-coffee-tables","9":"product_cat-krysiak","11":"first","12":"instock","13":"purchasable","14":"product-type-simple"},"_links":{"self":[{"href":"https:\/\/baldumarket.lt\/lt\/wp-json\/wp\/v2\/product\/179640","targetHints":{"allow":["GET"]}}],"collection":[{"href":"https:\/\/baldumarket.lt\/lt\/wp-json\/wp\/v2\/product"}],"about":[{"href":"https:\/\/baldumarket.lt\/lt\/wp-json\/wp\/v2\/types\/product"}],"replies":[{"embeddable":true,"href":"https:\/\/baldumarket.lt\/lt\/wp-json\/wp\/v2\/comments?post=179640"}],"wp:featuredmedia":[{"embeddable":true,"href":"https:\/\/baldumarket.lt\/lt\/wp-json\/wp\/v2\/media\/179641"}],"wp:attachment":[{"href":"https:\/\/baldumarket.lt\/lt\/wp-json\/wp\/v2\/media?parent=179640"}],"wp:term":[{"taxonomy":"product_brand","embeddable":true,"href":"https:\/\/baldumarket.lt\/lt\/wp-json\/wp\/v2\/product_brand?post=179640"},{"taxonomy":"product_cat","embeddable":true,"href":"https:\/\/baldumarket.lt\/lt\/wp-json\/wp\/v2\/product_cat?post=179640"},{"taxonomy":"product_tag","embeddable":true,"href":"https:\/\/baldumarket.lt\/lt\/wp-json\/wp\/v2\/product_tag?post=179640"}],"curies":[{"name":"wp","href":"https:\/\/api.w.org\/{rel}","templated":true}]}}