{"id":179638,"date":"2025-12-21T13:03:24","date_gmt":"2025-12-21T10:03:24","guid":{"rendered":"https:\/\/baldumarket.lt\/product\/krzeslo-provance-pro-111-112-02\/"},"modified":"2026-03-05T09:39:25","modified_gmt":"2026-03-05T06:39:25","slug":"krzeslo-provance-pro-111-112-02","status":"publish","type":"product","link":"https:\/\/baldumarket.lt\/lt\/product\/krzeslo-provance-pro-111-112-02\/","title":{"rendered":"PROVANCE k\u0117d\u0117 &#8211; PRO.111\/112.02"},"content":{"rendered":"<p>\u201ePro.111\/112.02\u201c kr\u0117slas \u2013 tai unikalus baldas, i\u0161siskiriantis savo i\u0161skirtiniu charakteriu. D\u0117l specialiai sukurtos medienos sendinimo technologijos ir patyrusi\u0173 meistr\u0173 rank\u0173 darbo kr\u0117slas atspindi auk\u0161t\u0105 gamybos kokyb\u0119 ir rafinuot\u0105 stili\u0173. Jis priklauso \u201eProvance\u201c kolekcijai, \u017einomai d\u0117l eleganti\u0161k\u0173 Provanso stiliaus bald\u0173, \u012fne\u0161an\u010di\u0173 \u012f j\u016bs\u0173 interjer\u0105 \u0161ilt\u0105, Vidur\u017eemio j\u016bros regiono atmosfer\u0105. Tai rei\u0161kia, kad kr\u0117slas ne tik atrodys gra\u017eiai, bet ir bus patvarus baldas, d\u017eiuginsiantis ak\u012f ilgus metus.<\/p>","protected":false},"excerpt":{"rendered":"<p>Plotis: 44 cm<br \/>\nGylis: 39 cm<br \/>\nAuk\u0161tis: 105 cm<\/p>","protected":false},"featured_media":179639,"comment_status":"open","ping_status":"open","template":"","meta":[],"product_brand":[],"product_cat":[9801,1930,4745],"product_tag":[],"class_list":{"0":"post-179638","1":"product","2":"type-product","3":"status-publish","4":"has-post-thumbnail","6":"product_cat-furniture-system-provance-krysiak","7":"product_cat-chairs","8":"product_cat-krysiak","10":"first","11":"instock","12":"purchasable","13":"product-type-simple"},"_links":{"self":[{"href":"https:\/\/baldumarket.lt\/lt\/wp-json\/wp\/v2\/product\/179638","targetHints":{"allow":["GET"]}}],"collection":[{"href":"https:\/\/baldumarket.lt\/lt\/wp-json\/wp\/v2\/product"}],"about":[{"href":"https:\/\/baldumarket.lt\/lt\/wp-json\/wp\/v2\/types\/product"}],"replies":[{"embeddable":true,"href":"https:\/\/baldumarket.lt\/lt\/wp-json\/wp\/v2\/comments?post=179638"}],"wp:featuredmedia":[{"embeddable":true,"href":"https:\/\/baldumarket.lt\/lt\/wp-json\/wp\/v2\/media\/179639"}],"wp:attachment":[{"href":"https:\/\/baldumarket.lt\/lt\/wp-json\/wp\/v2\/media?parent=179638"}],"wp:term":[{"taxonomy":"product_brand","embeddable":true,"href":"https:\/\/baldumarket.lt\/lt\/wp-json\/wp\/v2\/product_brand?post=179638"},{"taxonomy":"product_cat","embeddable":true,"href":"https:\/\/baldumarket.lt\/lt\/wp-json\/wp\/v2\/product_cat?post=179638"},{"taxonomy":"product_tag","embeddable":true,"href":"https:\/\/baldumarket.lt\/lt\/wp-json\/wp\/v2\/product_tag?post=179638"}],"curies":[{"name":"wp","href":"https:\/\/api.w.org\/{rel}","templated":true}]}}