{"id":179636,"date":"2025-12-21T13:03:23","date_gmt":"2025-12-21T10:03:23","guid":{"rendered":"https:\/\/baldumarket.lt\/product\/krzeslo-loft-lof-110-sc\/"},"modified":"2026-03-04T18:35:56","modified_gmt":"2026-03-04T15:35:56","slug":"krzeslo-loft-lof-110-sc","status":"publish","type":"product","link":"https:\/\/baldumarket.lt\/lt\/product\/krzeslo-loft-lof-110-sc\/","title":{"rendered":"LOFT k\u0117d\u0117 \u2013 LOF.110.SC"},"content":{"rendered":"<p>Lofto k\u0117d\u0117 \u2013 LOF.110.SC \u2013 puikus pasirinkimas industrinio stiliaus m\u0117g\u0117jams. \u0160i k\u0117d\u0117 pasi\u017eymi tvirta konstrukcija su juodomis metalin\u0117mis kojel\u0117mis, suteikian\u010diomis jai neapdorot\u0105 ir modern\u0173 vaizd\u0105. Be to, lofto k\u0117d\u0119 galima \u012fsigyti su apmu\u0161alu, kur\u012f galima pasirinkti i\u0161 pavyzd\u017ei\u0173. Nuotraukoje pavaizduotas \u201eDavisTerra 99\u201c audinys, ta\u010diau galite rinktis ir kitus variantus. D\u0117l savo industrinio dizaino lofto k\u0117d\u0117 puikiai dera su lofto stiliaus baldais, suteikdama interjerui unikalaus charakterio. Ji yra ir prakti\u0161ka, ir esteti\u0161kai patraukli valgomajam, svetainei ar biurui.<\/p>","protected":false},"excerpt":{"rendered":"<p>Plotis: 44 cm<br \/>\nGylis: 44 cm<br \/>\nAuk\u0161tis: 94 cm<\/p>","protected":false},"featured_media":179637,"comment_status":"open","ping_status":"open","template":"","meta":[],"product_brand":[],"product_cat":[9799,1930,4745],"product_tag":[],"class_list":{"0":"post-179636","1":"product","2":"type-product","3":"status-publish","4":"has-post-thumbnail","6":"product_cat-furniture-system-loft-krysiak","7":"product_cat-chairs","8":"product_cat-krysiak","10":"first","11":"instock","12":"purchasable","13":"product-type-simple"},"_links":{"self":[{"href":"https:\/\/baldumarket.lt\/lt\/wp-json\/wp\/v2\/product\/179636","targetHints":{"allow":["GET"]}}],"collection":[{"href":"https:\/\/baldumarket.lt\/lt\/wp-json\/wp\/v2\/product"}],"about":[{"href":"https:\/\/baldumarket.lt\/lt\/wp-json\/wp\/v2\/types\/product"}],"replies":[{"embeddable":true,"href":"https:\/\/baldumarket.lt\/lt\/wp-json\/wp\/v2\/comments?post=179636"}],"wp:featuredmedia":[{"embeddable":true,"href":"https:\/\/baldumarket.lt\/lt\/wp-json\/wp\/v2\/media\/179637"}],"wp:attachment":[{"href":"https:\/\/baldumarket.lt\/lt\/wp-json\/wp\/v2\/media?parent=179636"}],"wp:term":[{"taxonomy":"product_brand","embeddable":true,"href":"https:\/\/baldumarket.lt\/lt\/wp-json\/wp\/v2\/product_brand?post=179636"},{"taxonomy":"product_cat","embeddable":true,"href":"https:\/\/baldumarket.lt\/lt\/wp-json\/wp\/v2\/product_cat?post=179636"},{"taxonomy":"product_tag","embeddable":true,"href":"https:\/\/baldumarket.lt\/lt\/wp-json\/wp\/v2\/product_tag?post=179636"}],"curies":[{"name":"wp","href":"https:\/\/api.w.org\/{rel}","templated":true}]}}