{"id":179632,"date":"2025-12-21T13:03:19","date_gmt":"2025-12-21T10:03:19","guid":{"rendered":"https:\/\/baldumarket.lt\/product\/krzeslo-granada-gra-110-05-2\/"},"modified":"2026-03-04T18:02:17","modified_gmt":"2026-03-04T15:02:17","slug":"krzeslo-granada-gra-110-05-2","status":"publish","type":"product","link":"https:\/\/baldumarket.lt\/lt\/product\/krzeslo-granada-gra-110-05-2\/","title":{"rendered":"GRANADA k\u0117d\u0117 GRA.110.05"},"content":{"rendered":"<p>\u201eGranada\u201c k\u0117d\u0117 \u2013 eleganti\u0161kas j\u016bs\u0173 valgomojo papildymas, pasi\u017eymintis tvirtu pagrindu ir kojel\u0117mis, pagamintomis i\u0161 \u0105\u017euolo masyvo. Platus audini\u0173 pasirinkimas leis jums j\u0105 priderinti prie savo skonio ir interjero stiliaus.<\/p>","protected":false},"excerpt":{"rendered":"<p>Plotis: 46 cm<br \/>\nGylis: 44 cm<br \/>\nAuk\u0161tis: 94 cm<\/p>","protected":false},"featured_media":179633,"comment_status":"open","ping_status":"open","template":"","meta":[],"product_brand":[],"product_cat":[9798,1930,4745],"product_tag":[],"class_list":{"0":"post-179632","1":"product","2":"type-product","3":"status-publish","4":"has-post-thumbnail","6":"product_cat-furniture-system-granada-anthracite-krysiak","7":"product_cat-chairs","8":"product_cat-krysiak","10":"first","11":"instock","12":"purchasable","13":"product-type-simple"},"_links":{"self":[{"href":"https:\/\/baldumarket.lt\/lt\/wp-json\/wp\/v2\/product\/179632","targetHints":{"allow":["GET"]}}],"collection":[{"href":"https:\/\/baldumarket.lt\/lt\/wp-json\/wp\/v2\/product"}],"about":[{"href":"https:\/\/baldumarket.lt\/lt\/wp-json\/wp\/v2\/types\/product"}],"replies":[{"embeddable":true,"href":"https:\/\/baldumarket.lt\/lt\/wp-json\/wp\/v2\/comments?post=179632"}],"wp:featuredmedia":[{"embeddable":true,"href":"https:\/\/baldumarket.lt\/lt\/wp-json\/wp\/v2\/media\/179633"}],"wp:attachment":[{"href":"https:\/\/baldumarket.lt\/lt\/wp-json\/wp\/v2\/media?parent=179632"}],"wp:term":[{"taxonomy":"product_brand","embeddable":true,"href":"https:\/\/baldumarket.lt\/lt\/wp-json\/wp\/v2\/product_brand?post=179632"},{"taxonomy":"product_cat","embeddable":true,"href":"https:\/\/baldumarket.lt\/lt\/wp-json\/wp\/v2\/product_cat?post=179632"},{"taxonomy":"product_tag","embeddable":true,"href":"https:\/\/baldumarket.lt\/lt\/wp-json\/wp\/v2\/product_tag?post=179632"}],"curies":[{"name":"wp","href":"https:\/\/api.w.org\/{rel}","templated":true}]}}