{"id":179626,"date":"2025-12-21T13:03:14","date_gmt":"2025-12-21T10:03:14","guid":{"rendered":"https:\/\/baldumarket.lt\/product\/krzeslo-cantiero-can-110-12-nogi-masyw-bukowy-orzech-amerykanski\/"},"modified":"2026-03-04T18:11:08","modified_gmt":"2026-03-04T15:11:08","slug":"krzeslo-cantiero-can-110-12-nogi-masyw-bukowy-orzech-amerykanski","status":"publish","type":"product","link":"https:\/\/baldumarket.lt\/lt\/product\/krzeslo-cantiero-can-110-12-nogi-masyw-bukowy-orzech-amerykanski\/","title":{"rendered":"CANTIERO CAN.110.12 k\u0117d\u0117 &#8211; tvirtos buko kojos, amerikieti\u0161kas rie\u0161utmedis"},"content":{"rendered":"<p>\u0160i \u201eCantiero\u201c kolekcijos k\u0117d\u0117 derina patvarum\u0105 ir elegancij\u0105, puikiai tinkanti bet kokiam valgomajam ar svetainei. Tvirtos buko medienos kojel\u0117s garantuoja stabilum\u0105 ir ilgaam\u017ei\u0161kum\u0105 ilgus metus. S\u0117dyn\u0117 ir atlo\u0161as gali b\u016bti aptraukti pla\u010diu audini\u0173 pasirinkimu, kur\u012f rasite pavyzd\u017ei\u0173 knygoje, tod\u0117l k\u0117d\u0119 galite pritaikyti pagal savo individualius pageidavimus ir interjero stili\u0173. \u0160i k\u0117d\u0117 ne tik suteikia komforto, bet ir yra stilingas dizaino elementas, puikiai papildantis tiek modern\u0173, tiek klasikin\u012f interjer\u0105.<\/p>","protected":false},"excerpt":{"rendered":"<p>Plotis: 49 cm<br \/>\nGylis: 58 cm<br \/>\nAuk\u0161tis: 83 cm<\/p>","protected":false},"featured_media":179627,"comment_status":"open","ping_status":"open","template":"","meta":[],"product_brand":[],"product_cat":[9792,9795,1930,4745],"product_tag":[],"class_list":{"0":"post-179626","1":"product","2":"type-product","3":"status-publish","4":"has-post-thumbnail","6":"product_cat-furniture-system-cantiero-krysiak-meble","7":"product_cat-furniture-system-cantiero-walnut-krysiak","8":"product_cat-chairs","9":"product_cat-krysiak","11":"first","12":"instock","13":"purchasable","14":"product-type-simple"},"_links":{"self":[{"href":"https:\/\/baldumarket.lt\/lt\/wp-json\/wp\/v2\/product\/179626","targetHints":{"allow":["GET"]}}],"collection":[{"href":"https:\/\/baldumarket.lt\/lt\/wp-json\/wp\/v2\/product"}],"about":[{"href":"https:\/\/baldumarket.lt\/lt\/wp-json\/wp\/v2\/types\/product"}],"replies":[{"embeddable":true,"href":"https:\/\/baldumarket.lt\/lt\/wp-json\/wp\/v2\/comments?post=179626"}],"wp:featuredmedia":[{"embeddable":true,"href":"https:\/\/baldumarket.lt\/lt\/wp-json\/wp\/v2\/media\/179627"}],"wp:attachment":[{"href":"https:\/\/baldumarket.lt\/lt\/wp-json\/wp\/v2\/media?parent=179626"}],"wp:term":[{"taxonomy":"product_brand","embeddable":true,"href":"https:\/\/baldumarket.lt\/lt\/wp-json\/wp\/v2\/product_brand?post=179626"},{"taxonomy":"product_cat","embeddable":true,"href":"https:\/\/baldumarket.lt\/lt\/wp-json\/wp\/v2\/product_cat?post=179626"},{"taxonomy":"product_tag","embeddable":true,"href":"https:\/\/baldumarket.lt\/lt\/wp-json\/wp\/v2\/product_tag?post=179626"}],"curies":[{"name":"wp","href":"https:\/\/api.w.org\/{rel}","templated":true}]}}