{"id":179622,"date":"2025-12-21T13:03:11","date_gmt":"2025-12-21T10:03:11","guid":{"rendered":"https:\/\/baldumarket.lt\/product\/komoda-z-nadstawka-provance-pro-023-02-pro-014-02\/"},"modified":"2026-03-05T09:39:25","modified_gmt":"2026-03-05T06:39:25","slug":"komoda-z-nadstawka-provance-pro-023-02-pro-014-02","status":"publish","type":"product","link":"https:\/\/baldumarket.lt\/lt\/product\/komoda-z-nadstawka-provance-pro-023-02-pro-014-02\/","title":{"rendered":"PROVANCE komoda su prailginimu &#8211; PRO.023.02 + PRO.014.02"},"content":{"rendered":"<p>\u0160i komoda su vir\u0161utine dalimi yra i\u0161skirtinai stilingas ir funkcionalus baldas, kuris puikiai papildys j\u016bs\u0173 svetain\u0119 ar valgom\u0105j\u012f. Pagaminta i\u0161 auk\u0161tos kokyb\u0117s pu\u0161ies masyvo, ji spinduliuoja nat\u016bral\u0173 med\u017eio \u017eaves\u012f ir \u0161ilum\u0105. Jos priekin\u0117 ir i\u0161orin\u0117 dalys pagamintos i\u0161 pu\u0161ies masyvo su nat\u016bralia pu\u0161ies fanera, suteikian\u010dia baldui autenti\u0161ko charakterio. Vidinis korpusas pagamintas i\u0161 patvarios laminuotos plok\u0161t\u0117s, u\u017etikrinan\u010dios prakti\u0161kum\u0105 ir ilgaam\u017ei\u0161kum\u0105. Be to, komoda pasi\u017eymi sendintos pu\u0161ies masyvo elementais, suteikian\u010diais baldui unikali\u0105 i\u0161vaizd\u0105 ir i\u0161rai\u0161kingum\u0105. Komoda, pagaminta tiek i\u0161 pu\u0161ies masyvo vidaus, tiek i\u0161or\u0117s, yra puiki vitrina gra\u017eiems daiktams, dekoracijoms ar kolekcijoms eksponuoti. Komoda su vir\u0161utine dalimi yra ne tik esteti\u0161kai patraukli, bet ir prakti\u0161ka. D\u0117l savo talpos ir \u012fvairi\u0173 skyri\u0173 ji suteikia daug vietos daiktams susid\u0117ti ir organizuoti. Tai puikus sprendimas tiems, kurie vertina ir stili\u0173, ir funkcionalum\u0105. Nesvarbu, ar j\u0105 naudosite indams, knygoms ar dekoracijoms laikyti, \u201eProvance\u201c komoda su prailginimu bus gra\u017eus ir prakti\u0161kas j\u016bs\u0173 interjero elementas.<\/p>","protected":false},"excerpt":{"rendered":"<p>Plotis: 150 cm<br \/>\nGylis: 42 cm<br \/>\n\u016agis: 204 cm<\/p>","protected":false},"featured_media":179623,"comment_status":"open","ping_status":"open","template":"","meta":[],"product_brand":[],"product_cat":[9801,1173,4745],"product_tag":[],"class_list":{"0":"post-179622","1":"product","2":"type-product","3":"status-publish","4":"has-post-thumbnail","6":"product_cat-furniture-system-provance-krysiak","7":"product_cat-chests-of-drawers","8":"product_cat-krysiak","10":"first","11":"instock","12":"purchasable","13":"product-type-simple"},"_links":{"self":[{"href":"https:\/\/baldumarket.lt\/lt\/wp-json\/wp\/v2\/product\/179622","targetHints":{"allow":["GET"]}}],"collection":[{"href":"https:\/\/baldumarket.lt\/lt\/wp-json\/wp\/v2\/product"}],"about":[{"href":"https:\/\/baldumarket.lt\/lt\/wp-json\/wp\/v2\/types\/product"}],"replies":[{"embeddable":true,"href":"https:\/\/baldumarket.lt\/lt\/wp-json\/wp\/v2\/comments?post=179622"}],"wp:featuredmedia":[{"embeddable":true,"href":"https:\/\/baldumarket.lt\/lt\/wp-json\/wp\/v2\/media\/179623"}],"wp:attachment":[{"href":"https:\/\/baldumarket.lt\/lt\/wp-json\/wp\/v2\/media?parent=179622"}],"wp:term":[{"taxonomy":"product_brand","embeddable":true,"href":"https:\/\/baldumarket.lt\/lt\/wp-json\/wp\/v2\/product_brand?post=179622"},{"taxonomy":"product_cat","embeddable":true,"href":"https:\/\/baldumarket.lt\/lt\/wp-json\/wp\/v2\/product_cat?post=179622"},{"taxonomy":"product_tag","embeddable":true,"href":"https:\/\/baldumarket.lt\/lt\/wp-json\/wp\/v2\/product_tag?post=179622"}],"curies":[{"name":"wp","href":"https:\/\/api.w.org\/{rel}","templated":true}]}}