{"id":179618,"date":"2025-12-21T13:03:08","date_gmt":"2025-12-21T10:03:08","guid":{"rendered":"https:\/\/baldumarket.lt\/product\/komoda-wysoka-verano-ver-040-15\/"},"modified":"2026-03-04T18:15:12","modified_gmt":"2026-03-04T15:15:12","slug":"komoda-wysoka-verano-ver-040-15","status":"publish","type":"product","link":"https:\/\/baldumarket.lt\/lt\/product\/komoda-wysoka-verano-ver-040-15\/","title":{"rendered":"VERANO auk\u0161ta komoda \u2013 VER.040.15"},"content":{"rendered":"<p>\u0160i auk\u0161ta komoda \u2013 eleganti\u0161kas baldas, kuriame dera modernus stilius ir didel\u0117 talpa daiktams susid\u0117ti. D\u0117l keturi\u0173 amerikieti\u0161ko rie\u0161utmed\u017eio faneruot\u0117s fasad\u0173 ir grak\u0161taus dizaino ji puikiai tinka tiek svetainei, tiek miegamajam ar prie\u0161kambariui. Nat\u016bralaus \u0105\u017euolo faneruot\u0117s korpusas ir metalinis r\u0117mas suteikia jai patvarumo ir lengvumo, erdvumo poj\u016bt\u012f, o \u201epush-up\u201c sistema ir savaime u\u017esidarantys vyriai u\u017etikrina patog\u0173 kasdien\u012f naudojim\u0105.<\/p>","protected":false},"excerpt":{"rendered":"<p>Plotis: 116 cm<br \/>\nGylis: 38 cm<br \/>\n\u016agis: 131 cm<\/p>","protected":false},"featured_media":179619,"comment_status":"open","ping_status":"open","template":"","meta":[],"product_brand":[],"product_cat":[9793,1173,4745],"product_tag":[],"class_list":{"0":"post-179618","1":"product","2":"type-product","3":"status-publish","4":"has-post-thumbnail","6":"product_cat-furniture-system-verano-krysiak-meble","7":"product_cat-chests-of-drawers","8":"product_cat-krysiak","10":"first","11":"instock","12":"purchasable","13":"product-type-simple"},"_links":{"self":[{"href":"https:\/\/baldumarket.lt\/lt\/wp-json\/wp\/v2\/product\/179618","targetHints":{"allow":["GET"]}}],"collection":[{"href":"https:\/\/baldumarket.lt\/lt\/wp-json\/wp\/v2\/product"}],"about":[{"href":"https:\/\/baldumarket.lt\/lt\/wp-json\/wp\/v2\/types\/product"}],"replies":[{"embeddable":true,"href":"https:\/\/baldumarket.lt\/lt\/wp-json\/wp\/v2\/comments?post=179618"}],"wp:featuredmedia":[{"embeddable":true,"href":"https:\/\/baldumarket.lt\/lt\/wp-json\/wp\/v2\/media\/179619"}],"wp:attachment":[{"href":"https:\/\/baldumarket.lt\/lt\/wp-json\/wp\/v2\/media?parent=179618"}],"wp:term":[{"taxonomy":"product_brand","embeddable":true,"href":"https:\/\/baldumarket.lt\/lt\/wp-json\/wp\/v2\/product_brand?post=179618"},{"taxonomy":"product_cat","embeddable":true,"href":"https:\/\/baldumarket.lt\/lt\/wp-json\/wp\/v2\/product_cat?post=179618"},{"taxonomy":"product_tag","embeddable":true,"href":"https:\/\/baldumarket.lt\/lt\/wp-json\/wp\/v2\/product_tag?post=179618"}],"curies":[{"name":"wp","href":"https:\/\/api.w.org\/{rel}","templated":true}]}}