{"id":179616,"date":"2025-12-21T13:03:06","date_gmt":"2025-12-21T10:03:06","guid":{"rendered":"https:\/\/baldumarket.lt\/product\/komoda-wysoka-sangero-san-040-03\/"},"modified":"2026-03-04T18:19:23","modified_gmt":"2026-03-04T15:19:23","slug":"komoda-wysoka-sangero-san-040-03","status":"publish","type":"product","link":"https:\/\/baldumarket.lt\/lt\/product\/komoda-wysoka-sangero-san-040-03\/","title":{"rendered":"Auk\u0161ta komoda SANGERO su stal\u010diais \u2013 SAN.040.03"},"content":{"rendered":"<p>Komoda \u201eSangero SAN.040.03\u201c pasi\u017eymi moderniu dizainu, kuris puikiai tinka \u012fvairioms erdv\u0117ms. D\u0117l auk\u0161\u010dio ir funkcionalumo joje patogu laikyti ir tvarkyti \u012fvairius daiktus. \u0160i eleganti\u0161ka komoda turi ap\u0161vietim\u0105, kuris sukuria unikal\u0173 vaizdin\u012f efekt\u0105 ir maloni\u0105 atmosfer\u0105 kambaryje. Ji turi stiklines ir medines duris, kurios gra\u017eiai demonstruoja laikomus daiktus. Be to, vienos keramin\u0117s ir medin\u0117s durys suteikia baldui unikalumo. \u201eSangero\u201c komoda taip pat turi du medinius stal\u010dius, kurie leid\u017eia tvarkingai laikyti smulkius daiktus ir lengvai juos pasiekti. Apjungianti auk\u0161tos kokyb\u0117s meistri\u0161kum\u0105, funkcionalum\u0105 ir esteti\u0161k\u0105 dizain\u0105, \u201eSangero SAN.040.03\u201c komoda puikiai papildo modern\u0173 interjer\u0105. Eleganti\u0161ka apdaila ir kruop\u0161tus detali\u0173 apdirbimas sukuria harmoning\u0105 kompozicij\u0105, kuri prad\u017eiugins bet kur\u012f modernaus dizaino entuziast\u0105.<\/p>","protected":false},"excerpt":{"rendered":"<p>Plotis: 90 cm<br \/>\nGylis: 38 cm<br \/>\n\u016agis: 139 cm<\/p>","protected":false},"featured_media":179617,"comment_status":"open","ping_status":"open","template":"","meta":[],"product_brand":[],"product_cat":[9800,1173,4745],"product_tag":[],"class_list":{"0":"post-179616","1":"product","2":"type-product","3":"status-publish","4":"has-post-thumbnail","6":"product_cat-furniture-system-sangero-krysiak","7":"product_cat-chests-of-drawers","8":"product_cat-krysiak","10":"first","11":"instock","12":"purchasable","13":"product-type-simple"},"_links":{"self":[{"href":"https:\/\/baldumarket.lt\/lt\/wp-json\/wp\/v2\/product\/179616","targetHints":{"allow":["GET"]}}],"collection":[{"href":"https:\/\/baldumarket.lt\/lt\/wp-json\/wp\/v2\/product"}],"about":[{"href":"https:\/\/baldumarket.lt\/lt\/wp-json\/wp\/v2\/types\/product"}],"replies":[{"embeddable":true,"href":"https:\/\/baldumarket.lt\/lt\/wp-json\/wp\/v2\/comments?post=179616"}],"wp:featuredmedia":[{"embeddable":true,"href":"https:\/\/baldumarket.lt\/lt\/wp-json\/wp\/v2\/media\/179617"}],"wp:attachment":[{"href":"https:\/\/baldumarket.lt\/lt\/wp-json\/wp\/v2\/media?parent=179616"}],"wp:term":[{"taxonomy":"product_brand","embeddable":true,"href":"https:\/\/baldumarket.lt\/lt\/wp-json\/wp\/v2\/product_brand?post=179616"},{"taxonomy":"product_cat","embeddable":true,"href":"https:\/\/baldumarket.lt\/lt\/wp-json\/wp\/v2\/product_cat?post=179616"},{"taxonomy":"product_tag","embeddable":true,"href":"https:\/\/baldumarket.lt\/lt\/wp-json\/wp\/v2\/product_tag?post=179616"}],"curies":[{"name":"wp","href":"https:\/\/api.w.org\/{rel}","templated":true}]}}