{"id":179612,"date":"2025-12-21T13:03:03","date_gmt":"2025-12-21T10:03:03","guid":{"rendered":"https:\/\/baldumarket.lt\/product\/komoda-wysoka-granada-gra-040-05\/"},"modified":"2026-03-04T18:02:25","modified_gmt":"2026-03-04T15:02:25","slug":"komoda-wysoka-granada-gra-040-05","status":"publish","type":"product","link":"https:\/\/baldumarket.lt\/lt\/product\/komoda-wysoka-granada-gra-040-05\/","title":{"rendered":"Auk\u0161ta komoda GRANADA \u2013 GRA.040.05"},"content":{"rendered":"<p>\u201eGranada\u201c komoda (GRA.040.05) \u2013 tai eleganti\u0161kas ir funkcionalus baldas, puikiai tinkantis moderniam interjerui. Auk\u0161ta komoda turi keturias dureles ir du stal\u010dius, kuriuose yra daug vietos \u012fvairiems daiktams susid\u0117ti. Paprastas, geometrinis dizainas ir auk\u0161tos kokyb\u0117s meistri\u0161kumas paver\u010dia \u201eGranada\u201c komod\u0105 ne tik prakti\u0161ku baldu, bet ir dekoratyviu bet kokio interjero akcentu.<\/p>","protected":false},"excerpt":{"rendered":"<p>Plotis: 107 cm<br \/>\nGylis: 41 cm<br \/>\n\u016agis: 127 cm<\/p>","protected":false},"featured_media":179613,"comment_status":"open","ping_status":"open","template":"","meta":[],"product_brand":[],"product_cat":[9798,1173,4745],"product_tag":[],"class_list":{"0":"post-179612","1":"product","2":"type-product","3":"status-publish","4":"has-post-thumbnail","6":"product_cat-furniture-system-granada-anthracite-krysiak","7":"product_cat-chests-of-drawers","8":"product_cat-krysiak","10":"first","11":"instock","12":"purchasable","13":"product-type-simple"},"_links":{"self":[{"href":"https:\/\/baldumarket.lt\/lt\/wp-json\/wp\/v2\/product\/179612","targetHints":{"allow":["GET"]}}],"collection":[{"href":"https:\/\/baldumarket.lt\/lt\/wp-json\/wp\/v2\/product"}],"about":[{"href":"https:\/\/baldumarket.lt\/lt\/wp-json\/wp\/v2\/types\/product"}],"replies":[{"embeddable":true,"href":"https:\/\/baldumarket.lt\/lt\/wp-json\/wp\/v2\/comments?post=179612"}],"wp:featuredmedia":[{"embeddable":true,"href":"https:\/\/baldumarket.lt\/lt\/wp-json\/wp\/v2\/media\/179613"}],"wp:attachment":[{"href":"https:\/\/baldumarket.lt\/lt\/wp-json\/wp\/v2\/media?parent=179612"}],"wp:term":[{"taxonomy":"product_brand","embeddable":true,"href":"https:\/\/baldumarket.lt\/lt\/wp-json\/wp\/v2\/product_brand?post=179612"},{"taxonomy":"product_cat","embeddable":true,"href":"https:\/\/baldumarket.lt\/lt\/wp-json\/wp\/v2\/product_cat?post=179612"},{"taxonomy":"product_tag","embeddable":true,"href":"https:\/\/baldumarket.lt\/lt\/wp-json\/wp\/v2\/product_tag?post=179612"}],"curies":[{"name":"wp","href":"https:\/\/api.w.org\/{rel}","templated":true}]}}