{"id":179608,"date":"2025-12-21T13:03:00","date_gmt":"2025-12-21T10:03:00","guid":{"rendered":"https:\/\/baldumarket.lt\/product\/komoda-wysoka-can-041-13\/"},"modified":"2026-03-04T18:11:08","modified_gmt":"2026-03-04T15:11:08","slug":"komoda-wysoka-can-041-13","status":"publish","type":"product","link":"https:\/\/baldumarket.lt\/lt\/product\/komoda-wysoka-can-041-13\/","title":{"rendered":"Auk\u0161ta komoda CANTIERO CAN.041.13"},"content":{"rendered":"<p>\u0160i auk\u0161ta komoda \u2013 funkcionalus, eleganti\u0161ko dizaino baldas, puikiai tinkantis interjerams, kuriuose svarbiausia prakti\u0161kas daikt\u0173 laikymas ir stilinga i\u0161vaizda. Komoda turi dvi stumdomas duris, tris erdvias lentynas ir du stal\u010dius. Pagaminta tik i\u0161 nat\u016bralaus \u0105\u017euolo faneros, o rankenose ir dekoratyviniuose elementuose panaudota med\u017eio masyvo mediena, tod\u0117l ji u\u017etikrina patvarum\u0105 ir estetik\u0105. Dalinio i\u0161traukimo ir \u0161velniai u\u017esidarantys stal\u010diai padidina kasdien\u012f komfort\u0105. \u0160iltas karamelinio \u0105\u017euolo atspalvis pary\u0161kina nat\u016bral\u0173 baldo charakter\u012f, o tvirtas med\u017eio ir faneros r\u0117mas u\u017etikrina konstrukcijos stabilum\u0105.<\/p>","protected":false},"excerpt":{"rendered":"<p>\u0160i auk\u0161ta komoda yra funkcionalus, eleganti\u0161ko dizaino baldas, puikiai tinkantis interjerams, kuriuose svarbiausia prakti\u0161kas daikt\u0173 laikymas ir stilinga i\u0161vaizda. Komoda turi dvi stumdomas duris, tris erdvias lentynas ir du stal\u010dius. Pagaminta tik i\u0161 nat\u016bralaus \u0105\u017euolo faneros, rankenose ir [\u2026]<\/p>","protected":false},"featured_media":179609,"comment_status":"open","ping_status":"open","template":"","meta":[],"product_brand":[],"product_cat":[9792,9795,1173,4745],"product_tag":[],"class_list":{"0":"post-179608","1":"product","2":"type-product","3":"status-publish","4":"has-post-thumbnail","6":"product_cat-furniture-system-cantiero-krysiak-meble","7":"product_cat-furniture-system-cantiero-walnut-krysiak","8":"product_cat-chests-of-drawers","9":"product_cat-krysiak","11":"first","12":"instock","13":"purchasable","14":"product-type-simple"},"_links":{"self":[{"href":"https:\/\/baldumarket.lt\/lt\/wp-json\/wp\/v2\/product\/179608","targetHints":{"allow":["GET"]}}],"collection":[{"href":"https:\/\/baldumarket.lt\/lt\/wp-json\/wp\/v2\/product"}],"about":[{"href":"https:\/\/baldumarket.lt\/lt\/wp-json\/wp\/v2\/types\/product"}],"replies":[{"embeddable":true,"href":"https:\/\/baldumarket.lt\/lt\/wp-json\/wp\/v2\/comments?post=179608"}],"wp:featuredmedia":[{"embeddable":true,"href":"https:\/\/baldumarket.lt\/lt\/wp-json\/wp\/v2\/media\/179609"}],"wp:attachment":[{"href":"https:\/\/baldumarket.lt\/lt\/wp-json\/wp\/v2\/media?parent=179608"}],"wp:term":[{"taxonomy":"product_brand","embeddable":true,"href":"https:\/\/baldumarket.lt\/lt\/wp-json\/wp\/v2\/product_brand?post=179608"},{"taxonomy":"product_cat","embeddable":true,"href":"https:\/\/baldumarket.lt\/lt\/wp-json\/wp\/v2\/product_cat?post=179608"},{"taxonomy":"product_tag","embeddable":true,"href":"https:\/\/baldumarket.lt\/lt\/wp-json\/wp\/v2\/product_tag?post=179608"}],"curies":[{"name":"wp","href":"https:\/\/api.w.org\/{rel}","templated":true}]}}