{"id":179604,"date":"2025-12-21T13:02:56","date_gmt":"2025-12-21T10:02:56","guid":{"rendered":"https:\/\/baldumarket.lt\/product\/komoda-wysoka-110-cantiero-can-41-12-z-przesuwnymi-drzwiami-i-szufladami\/"},"modified":"2026-03-04T18:11:08","modified_gmt":"2026-03-04T15:11:08","slug":"komoda-wysoka-110-cantiero-can-41-12-z-przesuwnymi-drzwiami-i-szufladami","status":"publish","type":"product","link":"https:\/\/baldumarket.lt\/lt\/product\/komoda-wysoka-110-cantiero-can-41-12-z-przesuwnymi-drzwiami-i-szufladami\/","title":{"rendered":"Auk\u0161ta komoda 110 CANTIERO \u2013 CAN.41.12 su stumdomomis durel\u0117mis ir stal\u010diais"},"content":{"rendered":"<p>\u0160i auk\u0161ta komoda i\u0161 \u201eCantiero\u201c kolekcijos \u2013 tai eleganti\u0161kas baldas, kuriame dera modernus dizainas ir klasikin\u0117 elegancija, puikiai tinkantis presti\u017einiams interjerams. Pagaminta i\u0161 auk\u0161tos kokyb\u0117s rie\u0161utmed\u017eio faneros ir masyvaus rie\u0161utmed\u017eio, ji \u017eavi savo nat\u016braliu gro\u017eiu ir ilgaam\u017ei\u0161kumu. Komoda turi dvejas stumdomas duris su savaiminio u\u017esidarymo sistema, u\u017etikrinan\u010dia skland\u0173 ir tyl\u0173 u\u017edarym\u0105. Viduje yra trys erdvios lentynos ir du stal\u010diai, taip pat savaime u\u017esidarantys, kad daiktai b\u016bt\u0173 tiksliai ir patogiai sud\u0117ti. D\u0117l gerai apgalvoto i\u0161d\u0117stymo komoda puikiai organizuoja erdv\u0119, suteikdama interjerui elegancijos ir funkcionalumo.<\/p>","protected":false},"excerpt":{"rendered":"<p>Plotis: 111 cm<br \/>\nGylis: 43 cm<br \/>\n\u016agis: 109 cm<\/p>","protected":false},"featured_media":179605,"comment_status":"open","ping_status":"open","template":"","meta":[],"product_brand":[],"product_cat":[9792,9795,1173,4745],"product_tag":[],"class_list":{"0":"post-179604","1":"product","2":"type-product","3":"status-publish","4":"has-post-thumbnail","6":"product_cat-furniture-system-cantiero-krysiak-meble","7":"product_cat-furniture-system-cantiero-walnut-krysiak","8":"product_cat-chests-of-drawers","9":"product_cat-krysiak","11":"first","12":"instock","13":"purchasable","14":"product-type-simple"},"_links":{"self":[{"href":"https:\/\/baldumarket.lt\/lt\/wp-json\/wp\/v2\/product\/179604","targetHints":{"allow":["GET"]}}],"collection":[{"href":"https:\/\/baldumarket.lt\/lt\/wp-json\/wp\/v2\/product"}],"about":[{"href":"https:\/\/baldumarket.lt\/lt\/wp-json\/wp\/v2\/types\/product"}],"replies":[{"embeddable":true,"href":"https:\/\/baldumarket.lt\/lt\/wp-json\/wp\/v2\/comments?post=179604"}],"wp:featuredmedia":[{"embeddable":true,"href":"https:\/\/baldumarket.lt\/lt\/wp-json\/wp\/v2\/media\/179605"}],"wp:attachment":[{"href":"https:\/\/baldumarket.lt\/lt\/wp-json\/wp\/v2\/media?parent=179604"}],"wp:term":[{"taxonomy":"product_brand","embeddable":true,"href":"https:\/\/baldumarket.lt\/lt\/wp-json\/wp\/v2\/product_brand?post=179604"},{"taxonomy":"product_cat","embeddable":true,"href":"https:\/\/baldumarket.lt\/lt\/wp-json\/wp\/v2\/product_cat?post=179604"},{"taxonomy":"product_tag","embeddable":true,"href":"https:\/\/baldumarket.lt\/lt\/wp-json\/wp\/v2\/product_tag?post=179604"}],"curies":[{"name":"wp","href":"https:\/\/api.w.org\/{rel}","templated":true}]}}