{"id":179600,"date":"2025-12-21T13:02:53","date_gmt":"2025-12-21T10:02:53","guid":{"rendered":"https:\/\/baldumarket.lt\/product\/komoda-sypialniana-monaco\/"},"modified":"2026-03-04T18:28:36","modified_gmt":"2026-03-04T15:28:36","slug":"komoda-sypialniana-monaco","status":"publish","type":"product","link":"https:\/\/baldumarket.lt\/lt\/product\/komoda-sypialniana-monaco\/","title":{"rendered":"MONACO miegamojo komoda"},"content":{"rendered":"<p>Komoda MONA.094.14 su stal\u010diais sujungia nat\u016bral\u0173 \u0105\u017euolo masyvo gro\u017e\u012f su moderniu funkcionalumu. Sukurta miegamiesiems, kur svarbi ir estetika, ir prakti\u0161kumas, tai eleganti\u0161kas ir patvarus interjero dizaino elementas.<\/p>","protected":false},"excerpt":{"rendered":"<p>Plotis: 100 cm<br \/>\nGylis: 48 cm<br \/>\nAuk\u0161tis: 83 cm<\/p>","protected":false},"featured_media":179601,"comment_status":"open","ping_status":"open","template":"","meta":[],"product_brand":[],"product_cat":[9796,1173,4745],"product_tag":[],"class_list":{"0":"post-179600","1":"product","2":"type-product","3":"status-publish","4":"has-post-thumbnail","6":"product_cat-furniture-system-monaco-krysiak","7":"product_cat-chests-of-drawers","8":"product_cat-krysiak","10":"first","11":"instock","12":"purchasable","13":"product-type-simple"},"_links":{"self":[{"href":"https:\/\/baldumarket.lt\/lt\/wp-json\/wp\/v2\/product\/179600","targetHints":{"allow":["GET"]}}],"collection":[{"href":"https:\/\/baldumarket.lt\/lt\/wp-json\/wp\/v2\/product"}],"about":[{"href":"https:\/\/baldumarket.lt\/lt\/wp-json\/wp\/v2\/types\/product"}],"replies":[{"embeddable":true,"href":"https:\/\/baldumarket.lt\/lt\/wp-json\/wp\/v2\/comments?post=179600"}],"wp:featuredmedia":[{"embeddable":true,"href":"https:\/\/baldumarket.lt\/lt\/wp-json\/wp\/v2\/media\/179601"}],"wp:attachment":[{"href":"https:\/\/baldumarket.lt\/lt\/wp-json\/wp\/v2\/media?parent=179600"}],"wp:term":[{"taxonomy":"product_brand","embeddable":true,"href":"https:\/\/baldumarket.lt\/lt\/wp-json\/wp\/v2\/product_brand?post=179600"},{"taxonomy":"product_cat","embeddable":true,"href":"https:\/\/baldumarket.lt\/lt\/wp-json\/wp\/v2\/product_cat?post=179600"},{"taxonomy":"product_tag","embeddable":true,"href":"https:\/\/baldumarket.lt\/lt\/wp-json\/wp\/v2\/product_tag?post=179600"}],"curies":[{"name":"wp","href":"https:\/\/api.w.org\/{rel}","templated":true}]}}