{"id":179594,"date":"2025-12-21T13:02:48","date_gmt":"2025-12-21T10:02:48","guid":{"rendered":"https:\/\/baldumarket.lt\/product\/komoda-rtv-z-szufladami-cantiero-can-050-12\/"},"modified":"2026-04-12T17:28:36","modified_gmt":"2026-04-12T14:28:36","slug":"komoda-rtv-z-szufladami-cantiero-can-050-12","status":"publish","type":"product","link":"https:\/\/baldumarket.lt\/lt\/product\/komoda-rtv-z-szufladami-cantiero-can-050-12\/","title":{"rendered":"Televizoriaus spintel\u0117 su stal\u010diais CANTIERO &#8211; CAN.050.12"},"content":{"rendered":"<p>\u201eCantiero\u201c kolekcijos televizoriaus staliukas derina modernum\u0105 su klasikine elegancija, puikiai sukurtas tiems, kurie vertina auk\u0161t\u0105 kokyb\u0119 ir estetik\u0105. Pagamintas i\u0161 rie\u0161utmed\u017eio faneros ir masyvaus rie\u0161utmed\u017eio, jis pasi\u017eymi patvarumu ir unikalia i\u0161vaizda. Stovas turi dvi stumdomas duris su savaime u\u017esidaranti sistema, kad b\u016bt\u0173 tylus ir patogus naudojimas. Viduje yra trys lentynos ir du savaime u\u017esidarantys stal\u010diai, skirti patogiai laikyti televizoriaus \u012frang\u0105 ir priedus. D\u0117l apgalvoto vidinio i\u0161d\u0117stymo televizoriaus staliukas ne tik puikiai atlieka savo paskirt\u012f, bet ir suteikia stiling\u0105 akcent\u0105 bet kokiam interjerui.<\/p>","protected":false},"excerpt":{"rendered":"<p>Plotis: 183 cm<br \/>\nGylis: 48 cm<br \/>\nAuk\u0161tis: 51 cm<\/p>","protected":false},"featured_media":179595,"comment_status":"open","ping_status":"open","template":"","meta":[],"product_brand":[],"product_cat":[9792,9795,4745,1175],"product_tag":[],"class_list":{"0":"post-179594","1":"product","2":"type-product","3":"status-publish","4":"has-post-thumbnail","6":"product_cat-furniture-system-cantiero-krysiak-meble","7":"product_cat-furniture-system-cantiero-walnut-krysiak","8":"product_cat-krysiak","9":"product_cat-tv-stands","11":"first","12":"instock","13":"purchasable","14":"product-type-simple"},"_links":{"self":[{"href":"https:\/\/baldumarket.lt\/lt\/wp-json\/wp\/v2\/product\/179594","targetHints":{"allow":["GET"]}}],"collection":[{"href":"https:\/\/baldumarket.lt\/lt\/wp-json\/wp\/v2\/product"}],"about":[{"href":"https:\/\/baldumarket.lt\/lt\/wp-json\/wp\/v2\/types\/product"}],"replies":[{"embeddable":true,"href":"https:\/\/baldumarket.lt\/lt\/wp-json\/wp\/v2\/comments?post=179594"}],"wp:featuredmedia":[{"embeddable":true,"href":"https:\/\/baldumarket.lt\/lt\/wp-json\/wp\/v2\/media\/179595"}],"wp:attachment":[{"href":"https:\/\/baldumarket.lt\/lt\/wp-json\/wp\/v2\/media?parent=179594"}],"wp:term":[{"taxonomy":"product_brand","embeddable":true,"href":"https:\/\/baldumarket.lt\/lt\/wp-json\/wp\/v2\/product_brand?post=179594"},{"taxonomy":"product_cat","embeddable":true,"href":"https:\/\/baldumarket.lt\/lt\/wp-json\/wp\/v2\/product_cat?post=179594"},{"taxonomy":"product_tag","embeddable":true,"href":"https:\/\/baldumarket.lt\/lt\/wp-json\/wp\/v2\/product_tag?post=179594"}],"curies":[{"name":"wp","href":"https:\/\/api.w.org\/{rel}","templated":true}]}}