{"id":179592,"date":"2025-12-21T13:02:46","date_gmt":"2025-12-21T10:02:46","guid":{"rendered":"https:\/\/baldumarket.lt\/product\/komoda-rtv-sangero-san-011-03\/"},"modified":"2026-04-12T17:28:36","modified_gmt":"2026-04-12T14:28:36","slug":"komoda-rtv-sangero-san-011-03","status":"publish","type":"product","link":"https:\/\/baldumarket.lt\/lt\/product\/komoda-rtv-sangero-san-011-03\/","title":{"rendered":"SANGERO TV komoda &#8211; SAN.011.03"},"content":{"rendered":"<p>\u201eSangero\u201c televizoriaus staliukas, pa\u017eym\u0117tas SAN.011.03, yra eleganti\u0161kas ir funkcionalus \u201eSangero\u201c kolekcijos televizoriaus staliukas. Ap\u0161viestas jis puikiai papildo interjer\u0105. Jo dizainas derina nat\u016bral\u0173 med\u017eio masyvo gro\u017e\u012f su ry\u0161kiomis keramin\u0117mis detal\u0117mis. Jis si\u016blo \u012fvairias daikt\u0173 laikymo galimybes. Jame yra vienas medinis dangtis, puikiai tinkantis elektronikos priekiui pasl\u0117pti, ir du stal\u010diai \u2013 vienas su stikliniu priekiu ir vienas medinis \u2013 suteikiantys papildomos vietos smulkiems daiktams. Be to, keramin\u0117s apdailos durel\u0117s suteikia stiling\u0105 akcent\u0105 ir leid\u017eia pasl\u0117pti daiktus. \u201eSangero\u201c televizoriaus staliukas derina funkcionalum\u0105 ir estetik\u0105. Tvirta konstrukcija ir kruop\u0161ti apdaila u\u017etikrina patvarum\u0105 ir ilgaam\u017ei\u0161kum\u0105. Tai puikus pasirinkimas tiems, kurie ie\u0161ko bald\u0173, kurie ir atlikt\u0173 savo paskirt\u012f, ir b\u016bt\u0173 gra\u017eus dekoratyvinis elementas kambariui.<\/p>","protected":false},"excerpt":{"rendered":"<p>Plotis: 180 cm<br \/>\nGylis: 45 cm<br \/>\nAuk\u0161tis: 67 cm<\/p>","protected":false},"featured_media":179593,"comment_status":"open","ping_status":"open","template":"","meta":[],"product_brand":[],"product_cat":[9800,4745,1175],"product_tag":[],"class_list":{"0":"post-179592","1":"product","2":"type-product","3":"status-publish","4":"has-post-thumbnail","6":"product_cat-furniture-system-sangero-krysiak","7":"product_cat-krysiak","8":"product_cat-tv-stands","10":"first","11":"instock","12":"purchasable","13":"product-type-simple"},"_links":{"self":[{"href":"https:\/\/baldumarket.lt\/lt\/wp-json\/wp\/v2\/product\/179592","targetHints":{"allow":["GET"]}}],"collection":[{"href":"https:\/\/baldumarket.lt\/lt\/wp-json\/wp\/v2\/product"}],"about":[{"href":"https:\/\/baldumarket.lt\/lt\/wp-json\/wp\/v2\/types\/product"}],"replies":[{"embeddable":true,"href":"https:\/\/baldumarket.lt\/lt\/wp-json\/wp\/v2\/comments?post=179592"}],"wp:featuredmedia":[{"embeddable":true,"href":"https:\/\/baldumarket.lt\/lt\/wp-json\/wp\/v2\/media\/179593"}],"wp:attachment":[{"href":"https:\/\/baldumarket.lt\/lt\/wp-json\/wp\/v2\/media?parent=179592"}],"wp:term":[{"taxonomy":"product_brand","embeddable":true,"href":"https:\/\/baldumarket.lt\/lt\/wp-json\/wp\/v2\/product_brand?post=179592"},{"taxonomy":"product_cat","embeddable":true,"href":"https:\/\/baldumarket.lt\/lt\/wp-json\/wp\/v2\/product_cat?post=179592"},{"taxonomy":"product_tag","embeddable":true,"href":"https:\/\/baldumarket.lt\/lt\/wp-json\/wp\/v2\/product_tag?post=179592"}],"curies":[{"name":"wp","href":"https:\/\/api.w.org\/{rel}","templated":true}]}}