{"id":179590,"date":"2025-12-21T13:02:44","date_gmt":"2025-12-21T10:02:44","guid":{"rendered":"https:\/\/baldumarket.lt\/product\/komoda-rtv-provance-pro-050-02\/"},"modified":"2026-04-12T17:28:36","modified_gmt":"2026-04-12T14:28:36","slug":"komoda-rtv-provance-pro-050-02","status":"publish","type":"product","link":"https:\/\/baldumarket.lt\/lt\/product\/komoda-rtv-provance-pro-050-02\/","title":{"rendered":"PROVANCE TV komoda &#8211; PRO.050.02"},"content":{"rendered":"<p>\u201eProvance\u201c kolekcijos \u201ePRO.050.02\u201c televizoriaus staliukas \u2013 tai i\u0161skirtinai \u017eavingas baldas, \u017eavintis savo nepaprasta elegancija ir \u017eavesiu. Tai tobulas funkcionalumo ir estetikos derinys, suteikiantis j\u016bs\u0173 interjerui unikal\u0173 Provanso stiliaus \u017eaves\u012f. Televizoriaus staliukas sukurtas atsi\u017evelgiant \u012f kiekvien\u0105 detal\u0119, pradedant gra\u017eiai apdailintomis atviromis lentynomis centre, kurios leid\u017eia eksponuoti dekoracijas ir smulkius daiktus. \u0160onuose esan\u010dios durel\u0117s ne tik suteikia prakti\u0161kos vietos daiktams laikyti, bet ir subtilios elegancijos, subtiliai paslepian\u010dios daiktus, kuri\u0173 nereikia vie\u0161ai eksponuoti. Pagamintas i\u0161 pu\u0161ies masyvo, staliukas spinduliuoja nat\u016bralia \u0161iluma ir charakteriu, o belstuko stiliaus ranken\u0117l\u0117s suteikia nostalgi\u0161k\u0105 ir tradicin\u012f akcent\u0105. \u201ePRO.050.02\u201c televizoriaus staliukas \u2013 tikras j\u016bs\u0173 erdv\u0117s lobis, suteikiantis harmonijos, gro\u017eio ir \u017eavesio j\u016bs\u0173 svetainei ar miegamajam.<\/p>","protected":false},"excerpt":{"rendered":"<p>Plotis: 144 cm<br \/>\nGylis: 47 cm<br \/>\nAuk\u0161tis: 60 cm<\/p>","protected":false},"featured_media":179591,"comment_status":"open","ping_status":"open","template":"","meta":[],"product_brand":[],"product_cat":[9801,1173,1175],"product_tag":[],"class_list":{"0":"post-179590","1":"product","2":"type-product","3":"status-publish","4":"has-post-thumbnail","6":"product_cat-furniture-system-provance-krysiak","7":"product_cat-chests-of-drawers","8":"product_cat-tv-stands","10":"first","11":"instock","12":"purchasable","13":"product-type-simple"},"_links":{"self":[{"href":"https:\/\/baldumarket.lt\/lt\/wp-json\/wp\/v2\/product\/179590","targetHints":{"allow":["GET"]}}],"collection":[{"href":"https:\/\/baldumarket.lt\/lt\/wp-json\/wp\/v2\/product"}],"about":[{"href":"https:\/\/baldumarket.lt\/lt\/wp-json\/wp\/v2\/types\/product"}],"replies":[{"embeddable":true,"href":"https:\/\/baldumarket.lt\/lt\/wp-json\/wp\/v2\/comments?post=179590"}],"wp:featuredmedia":[{"embeddable":true,"href":"https:\/\/baldumarket.lt\/lt\/wp-json\/wp\/v2\/media\/179591"}],"wp:attachment":[{"href":"https:\/\/baldumarket.lt\/lt\/wp-json\/wp\/v2\/media?parent=179590"}],"wp:term":[{"taxonomy":"product_brand","embeddable":true,"href":"https:\/\/baldumarket.lt\/lt\/wp-json\/wp\/v2\/product_brand?post=179590"},{"taxonomy":"product_cat","embeddable":true,"href":"https:\/\/baldumarket.lt\/lt\/wp-json\/wp\/v2\/product_cat?post=179590"},{"taxonomy":"product_tag","embeddable":true,"href":"https:\/\/baldumarket.lt\/lt\/wp-json\/wp\/v2\/product_tag?post=179590"}],"curies":[{"name":"wp","href":"https:\/\/api.w.org\/{rel}","templated":true}]}}