{"id":179588,"date":"2025-12-21T13:02:43","date_gmt":"2025-12-21T10:02:43","guid":{"rendered":"https:\/\/baldumarket.lt\/product\/komoda-rtv-moreno-mor-050-052-p\/"},"modified":"2026-04-12T17:28:24","modified_gmt":"2026-04-12T14:28:24","slug":"komoda-rtv-moreno-mor-050-052-p","status":"publish","type":"product","link":"https:\/\/baldumarket.lt\/lt\/product\/komoda-rtv-moreno-mor-050-052-p\/","title":{"rendered":"MORENO komoda su televizoriumi &#8211; MOR.050\/052.P"},"content":{"rendered":"<p>\u201eMoreno\u201c televizoriaus staliukas \u2013 universalus ir eleganti\u0161kas sprendimas j\u016bs\u0173 svetainei. Pagamintas i\u0161 nat\u016bralaus \u0105\u017euolo faneros, \u0161is modernus televizoriaus staliukas turi papildom\u0105 lentyn\u0105 \u0161one, kuri padidina jo funkcionalum\u0105. Staliukas turi stalvir\u0161\u012f ir stiklines lentynas, puikiai tinkan\u010dias dekoracijoms ar m\u0117gstamoms knygoms eksponuoti. Televizoriaus staliukas turi du stal\u010dius, spintel\u0119 ir lentyn\u0105, tod\u0117l jame yra daug vietos \u012fvairiems daiktams laikyti ir eksponuoti. \u0160is televizoriaus staliukas, tiekiamas kairiosios, tiek de\u0161iniosios pus\u0117s versij\u0173, puikiai derina prakti\u0161kum\u0105, stili\u0173 ir funkcionalum\u0105, suteikdamas j\u016bs\u0173 svetainei unikali\u0105 i\u0161vaizd\u0105.<\/p>","protected":false},"excerpt":{"rendered":"<p>Plotis: 232 cm<br \/>\nGylis: 48 cm<br \/>\nAuk\u0161tis: 62 cm<\/p>","protected":false},"featured_media":179589,"comment_status":"open","ping_status":"open","template":"","meta":[],"product_brand":[],"product_cat":[9802,4745,1175],"product_tag":[],"class_list":{"0":"post-179588","1":"product","2":"type-product","3":"status-publish","4":"has-post-thumbnail","6":"product_cat-furniture-system-moreno-krysiak","7":"product_cat-krysiak","8":"product_cat-tv-stands","10":"first","11":"instock","12":"purchasable","13":"product-type-simple"},"_links":{"self":[{"href":"https:\/\/baldumarket.lt\/lt\/wp-json\/wp\/v2\/product\/179588","targetHints":{"allow":["GET"]}}],"collection":[{"href":"https:\/\/baldumarket.lt\/lt\/wp-json\/wp\/v2\/product"}],"about":[{"href":"https:\/\/baldumarket.lt\/lt\/wp-json\/wp\/v2\/types\/product"}],"replies":[{"embeddable":true,"href":"https:\/\/baldumarket.lt\/lt\/wp-json\/wp\/v2\/comments?post=179588"}],"wp:featuredmedia":[{"embeddable":true,"href":"https:\/\/baldumarket.lt\/lt\/wp-json\/wp\/v2\/media\/179589"}],"wp:attachment":[{"href":"https:\/\/baldumarket.lt\/lt\/wp-json\/wp\/v2\/media?parent=179588"}],"wp:term":[{"taxonomy":"product_brand","embeddable":true,"href":"https:\/\/baldumarket.lt\/lt\/wp-json\/wp\/v2\/product_brand?post=179588"},{"taxonomy":"product_cat","embeddable":true,"href":"https:\/\/baldumarket.lt\/lt\/wp-json\/wp\/v2\/product_cat?post=179588"},{"taxonomy":"product_tag","embeddable":true,"href":"https:\/\/baldumarket.lt\/lt\/wp-json\/wp\/v2\/product_tag?post=179588"}],"curies":[{"name":"wp","href":"https:\/\/api.w.org\/{rel}","templated":true}]}}