{"id":179586,"date":"2025-12-21T13:02:41","date_gmt":"2025-12-21T10:02:41","guid":{"rendered":"https:\/\/baldumarket.lt\/product\/komoda-rtv-moreno-mor-050-p-03\/"},"modified":"2026-04-12T17:28:24","modified_gmt":"2026-04-12T14:28:24","slug":"komoda-rtv-moreno-mor-050-p-03","status":"publish","type":"product","link":"https:\/\/baldumarket.lt\/lt\/product\/komoda-rtv-moreno-mor-050-p-03\/","title":{"rendered":"MORENO TV komoda &#8211; MOR.050.P.03"},"content":{"rendered":"<p>MOR.050.P.03 televizoriaus staliukas \u2013 funkcionalus ir stilingas sprendimas j\u016bs\u0173 svetainei. Pagamintas i\u0161 nat\u016bralaus \u0105\u017euolo faneros, \u0161is modernus televizoriaus staliukas suteikia j\u016bs\u0173 interjerui elegancijos ir charakterio. Su dviem stal\u010diais, ma\u017ea vitrina ir durel\u0117mis, jis suteikia daug vietos \u012fvairiems elektroniniams prietaisams ir medijos \u012frenginiams laikyti. Be to, vieno ta\u0161ko ap\u0161vietimas suteikia baldui subtil\u0173 \u0161vyt\u0117jim\u0105, sukurdamas maloni\u0105 atmosfer\u0105. MOR.050.P.03 televizoriaus staliukas, kur\u012f galima \u012fsigyti kair\u0117s ir de\u0161in\u0117s pus\u0117s versij\u0173, sujungia funkcionalum\u0105 ir stili\u0173 \u012f harmoning\u0105 visum\u0105, puikiai tinkan\u010di\u0105 j\u016bs\u0173 svetainei.<\/p>","protected":false},"excerpt":{"rendered":"<p>Plotis: 149 cm<br \/>\nGylis: 48 cm<br \/>\nAuk\u0161tis: 47 cm<\/p>","protected":false},"featured_media":179587,"comment_status":"open","ping_status":"open","template":"","meta":[],"product_brand":[],"product_cat":[9802,4745,1175],"product_tag":[],"class_list":{"0":"post-179586","1":"product","2":"type-product","3":"status-publish","4":"has-post-thumbnail","6":"product_cat-furniture-system-moreno-krysiak","7":"product_cat-krysiak","8":"product_cat-tv-stands","10":"first","11":"instock","12":"purchasable","13":"product-type-simple"},"_links":{"self":[{"href":"https:\/\/baldumarket.lt\/lt\/wp-json\/wp\/v2\/product\/179586","targetHints":{"allow":["GET"]}}],"collection":[{"href":"https:\/\/baldumarket.lt\/lt\/wp-json\/wp\/v2\/product"}],"about":[{"href":"https:\/\/baldumarket.lt\/lt\/wp-json\/wp\/v2\/types\/product"}],"replies":[{"embeddable":true,"href":"https:\/\/baldumarket.lt\/lt\/wp-json\/wp\/v2\/comments?post=179586"}],"wp:featuredmedia":[{"embeddable":true,"href":"https:\/\/baldumarket.lt\/lt\/wp-json\/wp\/v2\/media\/179587"}],"wp:attachment":[{"href":"https:\/\/baldumarket.lt\/lt\/wp-json\/wp\/v2\/media?parent=179586"}],"wp:term":[{"taxonomy":"product_brand","embeddable":true,"href":"https:\/\/baldumarket.lt\/lt\/wp-json\/wp\/v2\/product_brand?post=179586"},{"taxonomy":"product_cat","embeddable":true,"href":"https:\/\/baldumarket.lt\/lt\/wp-json\/wp\/v2\/product_cat?post=179586"},{"taxonomy":"product_tag","embeddable":true,"href":"https:\/\/baldumarket.lt\/lt\/wp-json\/wp\/v2\/product_tag?post=179586"}],"curies":[{"name":"wp","href":"https:\/\/api.w.org\/{rel}","templated":true}]}}