{"id":179579,"date":"2025-12-21T13:02:35","date_gmt":"2025-12-21T10:02:35","guid":{"rendered":"https:\/\/baldumarket.lt\/product\/komoda-rtv-loft-lof-050-dx\/"},"modified":"2026-04-12T17:28:24","modified_gmt":"2026-04-12T14:28:24","slug":"komoda-rtv-loft-lof-050-dx","status":"publish","type":"product","link":"https:\/\/baldumarket.lt\/lt\/product\/komoda-rtv-loft-lof-050-dx\/","title":{"rendered":"LOFT tipo TV spintel\u0117 &#8211; LOF.050.DX"},"content":{"rendered":"<p>\u201eLoft\u201c televizoriaus spintel\u0117 \u2013 LOF.050.XX \u2013 tai prakti\u0161kas ir stilingas sprendimas multimedijos \u012frangai laikyti pramoniniu stiliumi. Sukurta kruop\u0161\u010diai, 160 x 56 x 45 cm dyd\u017eio televizoriaus spintel\u0117 suteikia daug vietos televizoriui ir kitiems \u012frenginiams. Ji turi medin\u012f stal\u010di\u0173, puikiai tinkant\u012f nuotolinio valdymo pultams, laidams ir kitiems smulkiems priedams laikyti. Be to, ji turi dangt\u012f su mediniu r\u0117mu patogiam ir diskreti\u0161kam laikymui. Pagaminta i\u0161 nat\u016bralios medienos ir metalinio r\u0117mo, \u201eLoft\u201c televizoriaus spintel\u0117 suteikia bet kokiam interjerui neapdoroto, industrinio charakterio. Juodi metaliniai elementai ir medinis dang\u010dio r\u0117mas suteikia unikalaus \u017eavesio. \u0160i funkcionali \u201eLoft\u201c televizoriaus spintel\u0117 puikiai papildo pramoninio dizaino tendencijas, suteikdama prakti\u0161kus daikt\u0173 laikymo sprendimus ir pary\u0161kindama interjero stili\u0173 bei charakter\u012f.<\/p>","protected":false},"excerpt":{"rendered":"<p>Plotis: 160 cm<br \/>\nGylis: 45 cm<br \/>\nAuk\u0161tis: 56 cm<\/p>","protected":false},"featured_media":179580,"comment_status":"open","ping_status":"open","template":"","meta":[],"product_brand":[],"product_cat":[9799,4745,1175],"product_tag":[],"class_list":{"0":"post-179579","1":"product","2":"type-product","3":"status-publish","4":"has-post-thumbnail","6":"product_cat-furniture-system-loft-krysiak","7":"product_cat-krysiak","8":"product_cat-tv-stands","10":"first","11":"instock","12":"purchasable","13":"product-type-simple"},"_links":{"self":[{"href":"https:\/\/baldumarket.lt\/lt\/wp-json\/wp\/v2\/product\/179579","targetHints":{"allow":["GET"]}}],"collection":[{"href":"https:\/\/baldumarket.lt\/lt\/wp-json\/wp\/v2\/product"}],"about":[{"href":"https:\/\/baldumarket.lt\/lt\/wp-json\/wp\/v2\/types\/product"}],"replies":[{"embeddable":true,"href":"https:\/\/baldumarket.lt\/lt\/wp-json\/wp\/v2\/comments?post=179579"}],"wp:featuredmedia":[{"embeddable":true,"href":"https:\/\/baldumarket.lt\/lt\/wp-json\/wp\/v2\/media\/179580"}],"wp:attachment":[{"href":"https:\/\/baldumarket.lt\/lt\/wp-json\/wp\/v2\/media?parent=179579"}],"wp:term":[{"taxonomy":"product_brand","embeddable":true,"href":"https:\/\/baldumarket.lt\/lt\/wp-json\/wp\/v2\/product_brand?post=179579"},{"taxonomy":"product_cat","embeddable":true,"href":"https:\/\/baldumarket.lt\/lt\/wp-json\/wp\/v2\/product_cat?post=179579"},{"taxonomy":"product_tag","embeddable":true,"href":"https:\/\/baldumarket.lt\/lt\/wp-json\/wp\/v2\/product_tag?post=179579"}],"curies":[{"name":"wp","href":"https:\/\/api.w.org\/{rel}","templated":true}]}}