{"id":179576,"date":"2025-12-21T13:02:32","date_gmt":"2025-12-21T10:02:32","guid":{"rendered":"https:\/\/baldumarket.lt\/product\/komoda-rtv-granada-gra-050-05\/"},"modified":"2026-04-12T17:28:24","modified_gmt":"2026-04-12T14:28:24","slug":"komoda-rtv-granada-gra-050-05","status":"publish","type":"product","link":"https:\/\/baldumarket.lt\/lt\/product\/komoda-rtv-granada-gra-050-05\/","title":{"rendered":"GRANADA TV staliukas \u2013 GRA.050.05"},"content":{"rendered":"<p>\u201eGranada\u201c televizoriaus spintel\u0117 \u2013 GRA.050.05 \u2013 tai baldas, puikiai derinantis tradicijas ir modernum\u0105. Sen\u0173 \u0105\u017euolo r\u0105st\u0173 \u0105\u017euolo fanera suteikia stalvir\u0161iams ir panel\u0117ms gra\u017eius, originalius ra\u0161tus, kurie patraukia d\u0117mes\u012f. I\u0161skirtiniai medini\u0173 element\u0173 frezavimai suteikia unikalumo ir puikiai kontrastuoja su antracito spalvos lakuotais elementais. Spintel\u0117 buvo sukurta atsi\u017evelgiant \u012f funkcionalum\u0105 ir estetik\u0105. Trys stal\u010diai ir trys ni\u0161os suteikia daug vietos \u012fvairiems daiktams laikyti. Bald\u0173 formos yra kruop\u0161\u010diai apgalvotos dizaino ir funkcionalumo po\u017ei\u016briu, kartu paliekant vietos svetainei ir valgomajam. Tai leid\u017eia m\u0117gautis maloniu laiku su \u0161eima. \u201eGranada\u201c televizoriaus spintel\u0117 \u2013 GRA.050.05 \u2013 puikus pasirinkimas tiems, kurie vertina harmoning\u0105 tradicij\u0173 ir modernumo derin\u012f, taip pat prakti\u0161kum\u0105 ir estetik\u0105 savo interjere.<\/p>","protected":false},"excerpt":{"rendered":"<p>Plotis: 160 cm<br \/>\nGylis: 41 cm<br \/>\nAuk\u0161tis: 50 cm<\/p>","protected":false},"featured_media":179577,"comment_status":"open","ping_status":"open","template":"","meta":[],"product_brand":[],"product_cat":[9798,4745,1175],"product_tag":[],"class_list":{"0":"post-179576","1":"product","2":"type-product","3":"status-publish","4":"has-post-thumbnail","6":"product_cat-furniture-system-granada-anthracite-krysiak","7":"product_cat-krysiak","8":"product_cat-tv-stands","10":"first","11":"instock","12":"purchasable","13":"product-type-simple"},"_links":{"self":[{"href":"https:\/\/baldumarket.lt\/lt\/wp-json\/wp\/v2\/product\/179576","targetHints":{"allow":["GET"]}}],"collection":[{"href":"https:\/\/baldumarket.lt\/lt\/wp-json\/wp\/v2\/product"}],"about":[{"href":"https:\/\/baldumarket.lt\/lt\/wp-json\/wp\/v2\/types\/product"}],"replies":[{"embeddable":true,"href":"https:\/\/baldumarket.lt\/lt\/wp-json\/wp\/v2\/comments?post=179576"}],"wp:featuredmedia":[{"embeddable":true,"href":"https:\/\/baldumarket.lt\/lt\/wp-json\/wp\/v2\/media\/179577"}],"wp:attachment":[{"href":"https:\/\/baldumarket.lt\/lt\/wp-json\/wp\/v2\/media?parent=179576"}],"wp:term":[{"taxonomy":"product_brand","embeddable":true,"href":"https:\/\/baldumarket.lt\/lt\/wp-json\/wp\/v2\/product_brand?post=179576"},{"taxonomy":"product_cat","embeddable":true,"href":"https:\/\/baldumarket.lt\/lt\/wp-json\/wp\/v2\/product_cat?post=179576"},{"taxonomy":"product_tag","embeddable":true,"href":"https:\/\/baldumarket.lt\/lt\/wp-json\/wp\/v2\/product_tag?post=179576"}],"curies":[{"name":"wp","href":"https:\/\/api.w.org\/{rel}","templated":true}]}}