{"id":179574,"date":"2025-12-21T13:02:31","date_gmt":"2025-12-21T10:02:31","guid":{"rendered":"https:\/\/baldumarket.lt\/product\/komoda-rtv-corena-cor-054-l\/"},"modified":"2026-04-12T17:28:24","modified_gmt":"2026-04-12T14:28:24","slug":"komoda-rtv-corena-cor-054-l","status":"publish","type":"product","link":"https:\/\/baldumarket.lt\/lt\/product\/komoda-rtv-corena-cor-054-l\/","title":{"rendered":"CORENA televizoriaus staliukas &#8211; COR.054.L"},"content":{"rendered":"<p>Stilingas ir funkcionalus CORENA COR.054.L televizoriaus staliukas \u2013 puikus sprendimas j\u016bs\u0173 pramog\u0173 erdvei. 148 cm plo\u010dio staliukas si\u016blo ne tik viet\u0105 televizoriaus \u012frangai, bet ir papildom\u0105 daikt\u0173 laikymo viet\u0105. Jame yra viena ni\u0161a, puikiai tinkanti elektronikai, vienas medinis stal\u010dius priedams susid\u0117ti ir dvi durel\u0117s su dekoratyviniu stiklu, suteikian\u010dios elegancijos ir leid\u017eian\u010dios eksponuoti vertingus daiktus.<\/p>","protected":false},"excerpt":{"rendered":"<p>Plotis: 148 cm<br \/>\nGylis: 45 cm<br \/>\nAuk\u0161tis: 55 cm<\/p>","protected":false},"featured_media":179575,"comment_status":"open","ping_status":"open","template":"","meta":[],"product_brand":[],"product_cat":[9804,4745,1175],"product_tag":[],"class_list":{"0":"post-179574","1":"product","2":"type-product","3":"status-publish","4":"has-post-thumbnail","6":"product_cat-furniture-system-corena-krysiak","7":"product_cat-krysiak","8":"product_cat-tv-stands","10":"first","11":"instock","12":"purchasable","13":"product-type-simple"},"_links":{"self":[{"href":"https:\/\/baldumarket.lt\/lt\/wp-json\/wp\/v2\/product\/179574","targetHints":{"allow":["GET"]}}],"collection":[{"href":"https:\/\/baldumarket.lt\/lt\/wp-json\/wp\/v2\/product"}],"about":[{"href":"https:\/\/baldumarket.lt\/lt\/wp-json\/wp\/v2\/types\/product"}],"replies":[{"embeddable":true,"href":"https:\/\/baldumarket.lt\/lt\/wp-json\/wp\/v2\/comments?post=179574"}],"wp:featuredmedia":[{"embeddable":true,"href":"https:\/\/baldumarket.lt\/lt\/wp-json\/wp\/v2\/media\/179575"}],"wp:attachment":[{"href":"https:\/\/baldumarket.lt\/lt\/wp-json\/wp\/v2\/media?parent=179574"}],"wp:term":[{"taxonomy":"product_brand","embeddable":true,"href":"https:\/\/baldumarket.lt\/lt\/wp-json\/wp\/v2\/product_brand?post=179574"},{"taxonomy":"product_cat","embeddable":true,"href":"https:\/\/baldumarket.lt\/lt\/wp-json\/wp\/v2\/product_cat?post=179574"},{"taxonomy":"product_tag","embeddable":true,"href":"https:\/\/baldumarket.lt\/lt\/wp-json\/wp\/v2\/product_tag?post=179574"}],"curies":[{"name":"wp","href":"https:\/\/api.w.org\/{rel}","templated":true}]}}