{"id":179572,"date":"2025-12-21T13:02:29","date_gmt":"2025-12-21T10:02:29","guid":{"rendered":"https:\/\/baldumarket.lt\/product\/komoda-rtv-corena-cor-050-l\/"},"modified":"2026-04-12T17:28:24","modified_gmt":"2026-04-12T14:28:24","slug":"komoda-rtv-corena-cor-050-l","status":"publish","type":"product","link":"https:\/\/baldumarket.lt\/lt\/product\/komoda-rtv-corena-cor-050-l\/","title":{"rendered":"CORENA televizoriaus spintel\u0117 &#8211; COR.050.L"},"content":{"rendered":"<p>CORENA COR.050.L televizoriaus spintel\u0117 \u2013 tai dizainerio sprendimas j\u016bs\u0173 pramog\u0173 erdvei. 180 cm plo\u010dio spintel\u0117 talpina ne tik televizoriaus \u012frang\u0105, bet ir kitus daiktus. Spintel\u0117 su ap\u0161vietimu turi vienas medines duris, vienas duris su dekoratyviniu stiklu, vien\u0105 ni\u0161\u0105 ir vien\u0105 medin\u012f stal\u010di\u0173, tod\u0117l tai universali ir eleganti\u0161ka erdv\u0117 \u012frangai ir dekoracijoms laikyti bei eksponuoti.<\/p>","protected":false},"excerpt":{"rendered":"<p>Plotis: 180 cm<br \/>\nGylis: 45 cm<br \/>\nAuk\u0161tis: 55 cm<\/p>","protected":false},"featured_media":179573,"comment_status":"open","ping_status":"open","template":"","meta":[],"product_brand":[],"product_cat":[9804,4745,1175],"product_tag":[],"class_list":{"0":"post-179572","1":"product","2":"type-product","3":"status-publish","4":"has-post-thumbnail","6":"product_cat-furniture-system-corena-krysiak","7":"product_cat-krysiak","8":"product_cat-tv-stands","10":"first","11":"instock","12":"purchasable","13":"product-type-simple"},"_links":{"self":[{"href":"https:\/\/baldumarket.lt\/lt\/wp-json\/wp\/v2\/product\/179572","targetHints":{"allow":["GET"]}}],"collection":[{"href":"https:\/\/baldumarket.lt\/lt\/wp-json\/wp\/v2\/product"}],"about":[{"href":"https:\/\/baldumarket.lt\/lt\/wp-json\/wp\/v2\/types\/product"}],"replies":[{"embeddable":true,"href":"https:\/\/baldumarket.lt\/lt\/wp-json\/wp\/v2\/comments?post=179572"}],"wp:featuredmedia":[{"embeddable":true,"href":"https:\/\/baldumarket.lt\/lt\/wp-json\/wp\/v2\/media\/179573"}],"wp:attachment":[{"href":"https:\/\/baldumarket.lt\/lt\/wp-json\/wp\/v2\/media?parent=179572"}],"wp:term":[{"taxonomy":"product_brand","embeddable":true,"href":"https:\/\/baldumarket.lt\/lt\/wp-json\/wp\/v2\/product_brand?post=179572"},{"taxonomy":"product_cat","embeddable":true,"href":"https:\/\/baldumarket.lt\/lt\/wp-json\/wp\/v2\/product_cat?post=179572"},{"taxonomy":"product_tag","embeddable":true,"href":"https:\/\/baldumarket.lt\/lt\/wp-json\/wp\/v2\/product_tag?post=179572"}],"curies":[{"name":"wp","href":"https:\/\/api.w.org\/{rel}","templated":true}]}}