{"id":179567,"date":"2025-12-21T13:02:25","date_gmt":"2025-12-21T10:02:25","guid":{"rendered":"https:\/\/baldumarket.lt\/product\/komoda-rtv-can-050-13\/"},"modified":"2026-04-12T17:28:24","modified_gmt":"2026-04-12T14:28:24","slug":"komoda-rtv-can-050-13","status":"publish","type":"product","link":"https:\/\/baldumarket.lt\/lt\/product\/komoda-rtv-can-050-13\/","title":{"rendered":"Televizoriaus spintel\u0117 CANTIERO CAN.050.13"},"content":{"rendered":"<p>\u0160is televizoriaus staliukas pasi\u017eymi prakti\u0161kumu ir eleganti\u0161ka, nat\u016bralia apdaila. Su dviem stumdomomis durel\u0117mis, trimis lentynomis ir dviem stal\u010diais, jis suteikia daug vietos multimedijos \u012frangai ir priedams laikyti. Priekin\u0117s dalys ir korpusas pagaminti i\u0161 nat\u016bralaus \u0105\u017euolo faneros, o rankenos ir apdaila \u2013 i\u0161 \u0105\u017euolo masyvo. Dalinis i\u0161traukimas ir \u0161velnaus u\u017edarymo b\u0117geliai u\u017etikrina patog\u0173 naudojim\u0105, o tvirtas r\u0117mas, pagamintas i\u0161 \u0105\u017euolo kojeli\u0173 ir faneruotos faneros, garantuoja patvarum\u0105. Karamel\u0117s spalvos \u0105\u017euolo apdaila pabr\u0117\u017eia nat\u016bral\u0173 baldo gro\u017e\u012f.<\/p>","protected":false},"excerpt":{"rendered":"<p>\u0160is televizoriaus staliukas sujungia prakti\u0161kum\u0105 ir eleganti\u0161k\u0105, nat\u016brali\u0105 apdail\u0105. Su dviem stumdomomis durel\u0117mis, trimis lentynomis ir dviem stal\u010diais, jis suteikia daug vietos multimedijos \u012frangai ir priedams laikyti. Priekin\u0117s dalys ir korpusas pagaminti i\u0161 nat\u016bralaus \u0105\u017euolo faneros, o rankenos ir apdaila \u2013 i\u0161 \u0105\u017euolo masyvo. Dalinis i\u0161traukimas ir \u0161velnaus u\u017edarymo b\u0117geliai [\u2026]<\/p>","protected":false},"featured_media":179568,"comment_status":"open","ping_status":"open","template":"","meta":[],"product_brand":[],"product_cat":[9792,9795,4745,1175],"product_tag":[],"class_list":{"0":"post-179567","1":"product","2":"type-product","3":"status-publish","4":"has-post-thumbnail","6":"product_cat-furniture-system-cantiero-krysiak-meble","7":"product_cat-furniture-system-cantiero-walnut-krysiak","8":"product_cat-krysiak","9":"product_cat-tv-stands","11":"first","12":"instock","13":"purchasable","14":"product-type-simple"},"_links":{"self":[{"href":"https:\/\/baldumarket.lt\/lt\/wp-json\/wp\/v2\/product\/179567","targetHints":{"allow":["GET"]}}],"collection":[{"href":"https:\/\/baldumarket.lt\/lt\/wp-json\/wp\/v2\/product"}],"about":[{"href":"https:\/\/baldumarket.lt\/lt\/wp-json\/wp\/v2\/types\/product"}],"replies":[{"embeddable":true,"href":"https:\/\/baldumarket.lt\/lt\/wp-json\/wp\/v2\/comments?post=179567"}],"wp:featuredmedia":[{"embeddable":true,"href":"https:\/\/baldumarket.lt\/lt\/wp-json\/wp\/v2\/media\/179568"}],"wp:attachment":[{"href":"https:\/\/baldumarket.lt\/lt\/wp-json\/wp\/v2\/media?parent=179567"}],"wp:term":[{"taxonomy":"product_brand","embeddable":true,"href":"https:\/\/baldumarket.lt\/lt\/wp-json\/wp\/v2\/product_brand?post=179567"},{"taxonomy":"product_cat","embeddable":true,"href":"https:\/\/baldumarket.lt\/lt\/wp-json\/wp\/v2\/product_cat?post=179567"},{"taxonomy":"product_tag","embeddable":true,"href":"https:\/\/baldumarket.lt\/lt\/wp-json\/wp\/v2\/product_tag?post=179567"}],"curies":[{"name":"wp","href":"https:\/\/api.w.org\/{rel}","templated":true}]}}