{"id":179565,"date":"2025-12-21T13:02:23","date_gmt":"2025-12-21T10:02:23","guid":{"rendered":"https:\/\/baldumarket.lt\/product\/komoda-provance-pro-045-02\/"},"modified":"2026-03-05T09:39:35","modified_gmt":"2026-03-05T06:39:35","slug":"komoda-provance-pro-045-02","status":"publish","type":"product","link":"https:\/\/baldumarket.lt\/lt\/product\/komoda-provance-pro-045-02\/","title":{"rendered":"PROVANCE komoda &#8211; PRO.045.02"},"content":{"rendered":"<p>\u201eProvance\u201c kolekcijos komoda PRO.045.02 \u2013 tai ne\u012ftik\u0117tinai \u017eavingas baldas, suteikiantis j\u016bs\u0173 interjerui unikalumo. Dvi \u0161onin\u0117s spintel\u0117s puikiai tinka demonstruoti m\u0117gstamiausius daiktus, o ma\u017eos durelin\u0117s ir du stal\u010diai centre suteikia prakti\u0161k\u0105 viet\u0105 daiktams susid\u0117ti. Ranken\u0117l\u0117s \u201eplunksnel\u0117s\u201c stiliaus suteikia elegancijos ir subtilumo, pabr\u0117\u017eiant komodos kaimi\u0161k\u0105 charakter\u012f. Pagaminta i\u0161 pu\u0161ies masyvo, komoda PRO.045.02 spinduliuoja nat\u016braliu \u017eavesiu ir sukuria jauki\u0105 atmosfer\u0105. \u0160is baldas puikiai tinka svetainei, darbo kambariui ar valgomajam, suteikdamas \u017eavesio ir funkcionalumo. \u201eProvance\u201c kolekcijos komoda PRO.045.02 yra ne tik prakti\u0161kas daikt\u0173 laikymo sprendimas, bet ir gra\u017eus dekoratyvinis elementas, kuris papuo\u0161 bet kok\u012f interjer\u0105.<\/p>","protected":false},"excerpt":{"rendered":"<p>Plotis: 170 cm<br \/>\nGylis: 42 cm<br \/>\n\u016agis: 119 cm<\/p>","protected":false},"featured_media":179566,"comment_status":"open","ping_status":"open","template":"","meta":[],"product_brand":[],"product_cat":[9801,1173,4745],"product_tag":[],"class_list":{"0":"post-179565","1":"product","2":"type-product","3":"status-publish","4":"has-post-thumbnail","6":"product_cat-furniture-system-provance-krysiak","7":"product_cat-chests-of-drawers","8":"product_cat-krysiak","10":"first","11":"instock","12":"purchasable","13":"product-type-simple"},"_links":{"self":[{"href":"https:\/\/baldumarket.lt\/lt\/wp-json\/wp\/v2\/product\/179565","targetHints":{"allow":["GET"]}}],"collection":[{"href":"https:\/\/baldumarket.lt\/lt\/wp-json\/wp\/v2\/product"}],"about":[{"href":"https:\/\/baldumarket.lt\/lt\/wp-json\/wp\/v2\/types\/product"}],"replies":[{"embeddable":true,"href":"https:\/\/baldumarket.lt\/lt\/wp-json\/wp\/v2\/comments?post=179565"}],"wp:featuredmedia":[{"embeddable":true,"href":"https:\/\/baldumarket.lt\/lt\/wp-json\/wp\/v2\/media\/179566"}],"wp:attachment":[{"href":"https:\/\/baldumarket.lt\/lt\/wp-json\/wp\/v2\/media?parent=179565"}],"wp:term":[{"taxonomy":"product_brand","embeddable":true,"href":"https:\/\/baldumarket.lt\/lt\/wp-json\/wp\/v2\/product_brand?post=179565"},{"taxonomy":"product_cat","embeddable":true,"href":"https:\/\/baldumarket.lt\/lt\/wp-json\/wp\/v2\/product_cat?post=179565"},{"taxonomy":"product_tag","embeddable":true,"href":"https:\/\/baldumarket.lt\/lt\/wp-json\/wp\/v2\/product_tag?post=179565"}],"curies":[{"name":"wp","href":"https:\/\/api.w.org\/{rel}","templated":true}]}}