{"id":179563,"date":"2025-12-21T13:02:22","date_gmt":"2025-12-21T10:02:22","guid":{"rendered":"https:\/\/baldumarket.lt\/product\/komoda-provance-pro-044-02\/"},"modified":"2026-03-05T09:39:35","modified_gmt":"2026-03-05T06:39:35","slug":"komoda-provance-pro-044-02","status":"publish","type":"product","link":"https:\/\/baldumarket.lt\/lt\/product\/komoda-provance-pro-044-02\/","title":{"rendered":"PROVANCE komoda \u2013 PRO.044.02"},"content":{"rendered":"<p>\u2019Provance\u201c kolekcijos komoda PRO.044.02 \u2013 tai \u017eavingas baldas, kuris papuo\u0161 j\u016bs\u0173 svetain\u0117s ar miegamojo interjer\u0105. Keturi pla\u010diais stal\u010diais ji suteikia daug vietos \u012fvairiems daiktams susid\u0117ti. Unikalus \u017eavesys slypi detal\u0117se \u2013 ranken\u0117l\u0117s su belstuku suteikia baldui elegancijos ir i\u0161skirtinio, kaimi\u0161ko stiliaus \u012fsp\u016bd\u012f. Komod\u0173 fasadai pagaminti i\u0161 pu\u0161ies masyvo, suteikia nat\u016bralaus \u017eavesio ir sukuria jauki\u0105 atmosfer\u0105. \u0160is \u201eProvance\u201c kolekcijos baldas \u012fne\u0161 \u012f j\u016bs\u0173 interjer\u0105 \u0161iltos, Vidur\u017eemio j\u016bros regiono atmosferos, suteiks \u017eavesio ir funkcionalumo. Komoda PRO.044.02 \u2013 puikus sprendimas daikt\u0173 laikymui ir tvarkymui, tuo pa\u010diu suteikdamas kambariui unikal\u0173 charakter\u012f.<\/p>","protected":false},"excerpt":{"rendered":"<p>Plotis: 110 cm<br \/>\nGylis: 52 cm<br \/>\nAuk\u0161tis: 101 cm<\/p>","protected":false},"featured_media":179564,"comment_status":"open","ping_status":"open","template":"","meta":[],"product_brand":[],"product_cat":[9801,1173,4745],"product_tag":[],"class_list":{"0":"post-179563","1":"product","2":"type-product","3":"status-publish","4":"has-post-thumbnail","6":"product_cat-furniture-system-provance-krysiak","7":"product_cat-chests-of-drawers","8":"product_cat-krysiak","10":"first","11":"instock","12":"purchasable","13":"product-type-simple"},"_links":{"self":[{"href":"https:\/\/baldumarket.lt\/lt\/wp-json\/wp\/v2\/product\/179563","targetHints":{"allow":["GET"]}}],"collection":[{"href":"https:\/\/baldumarket.lt\/lt\/wp-json\/wp\/v2\/product"}],"about":[{"href":"https:\/\/baldumarket.lt\/lt\/wp-json\/wp\/v2\/types\/product"}],"replies":[{"embeddable":true,"href":"https:\/\/baldumarket.lt\/lt\/wp-json\/wp\/v2\/comments?post=179563"}],"wp:featuredmedia":[{"embeddable":true,"href":"https:\/\/baldumarket.lt\/lt\/wp-json\/wp\/v2\/media\/179564"}],"wp:attachment":[{"href":"https:\/\/baldumarket.lt\/lt\/wp-json\/wp\/v2\/media?parent=179563"}],"wp:term":[{"taxonomy":"product_brand","embeddable":true,"href":"https:\/\/baldumarket.lt\/lt\/wp-json\/wp\/v2\/product_brand?post=179563"},{"taxonomy":"product_cat","embeddable":true,"href":"https:\/\/baldumarket.lt\/lt\/wp-json\/wp\/v2\/product_cat?post=179563"},{"taxonomy":"product_tag","embeddable":true,"href":"https:\/\/baldumarket.lt\/lt\/wp-json\/wp\/v2\/product_tag?post=179563"}],"curies":[{"name":"wp","href":"https:\/\/api.w.org\/{rel}","templated":true}]}}