{"id":179561,"date":"2025-12-21T13:02:20","date_gmt":"2025-12-21T10:02:20","guid":{"rendered":"https:\/\/baldumarket.lt\/product\/komoda-provance-pro-042-02\/"},"modified":"2026-03-05T09:39:35","modified_gmt":"2026-03-05T06:39:35","slug":"komoda-provance-pro-042-02","status":"publish","type":"product","link":"https:\/\/baldumarket.lt\/lt\/product\/komoda-provance-pro-042-02\/","title":{"rendered":"PROVANCE komoda \u2013 PRO.042.02"},"content":{"rendered":"<p>\u201eProvance\u201c kolekcijos komoda PRO.042.02 \u2013 tai \u017eavinga ir prakti\u0161ka komoda, kuri suteiks \u017eavesio j\u016bs\u0173 interjerui. Su dviem stilingomis durel\u0117mis ir keturiais stal\u010diais vir\u0161utin\u0117je dalyje, ji ne tik suteikia daug vietos daiktams susid\u0117ti, bet ir suteikia j\u016bs\u0173 kambariui elegancijos bei charakterio. Komoda pagaminta i\u0161 tvirtos pu\u0161ies medienos, pabr\u0117\u017eiant nat\u016brali\u0105 baldo estetik\u0105. Subtilios ranken\u0117l\u0117s suteikia baldui unikalaus \u017eavesio, puikiai dera prie bendro dizaino. \u201eProvance\u201c kolekcija \u2013 tai tobulas elegancijos ir funkcionalumo derinys, suteikiantis j\u016bs\u0173 interjerui unikali\u0105 Provanso atmosfer\u0105. Komoda PRO.042.02 idealiai tinka kaip prakti\u0161kas ir esteti\u0161kas sprendimas j\u016bs\u0173 daiktams laikyti.<\/p>","protected":false},"excerpt":{"rendered":"<p>Plotis: 94 cm<br \/>\nGylis: 42 cm<br \/>\n\u016agis: 118 cm<\/p>","protected":false},"featured_media":179562,"comment_status":"open","ping_status":"open","template":"","meta":[],"product_brand":[],"product_cat":[9801,1173,4745],"product_tag":[],"class_list":{"0":"post-179561","1":"product","2":"type-product","3":"status-publish","4":"has-post-thumbnail","6":"product_cat-furniture-system-provance-krysiak","7":"product_cat-chests-of-drawers","8":"product_cat-krysiak","10":"first","11":"instock","12":"purchasable","13":"product-type-simple"},"_links":{"self":[{"href":"https:\/\/baldumarket.lt\/lt\/wp-json\/wp\/v2\/product\/179561","targetHints":{"allow":["GET"]}}],"collection":[{"href":"https:\/\/baldumarket.lt\/lt\/wp-json\/wp\/v2\/product"}],"about":[{"href":"https:\/\/baldumarket.lt\/lt\/wp-json\/wp\/v2\/types\/product"}],"replies":[{"embeddable":true,"href":"https:\/\/baldumarket.lt\/lt\/wp-json\/wp\/v2\/comments?post=179561"}],"wp:featuredmedia":[{"embeddable":true,"href":"https:\/\/baldumarket.lt\/lt\/wp-json\/wp\/v2\/media\/179562"}],"wp:attachment":[{"href":"https:\/\/baldumarket.lt\/lt\/wp-json\/wp\/v2\/media?parent=179561"}],"wp:term":[{"taxonomy":"product_brand","embeddable":true,"href":"https:\/\/baldumarket.lt\/lt\/wp-json\/wp\/v2\/product_brand?post=179561"},{"taxonomy":"product_cat","embeddable":true,"href":"https:\/\/baldumarket.lt\/lt\/wp-json\/wp\/v2\/product_cat?post=179561"},{"taxonomy":"product_tag","embeddable":true,"href":"https:\/\/baldumarket.lt\/lt\/wp-json\/wp\/v2\/product_tag?post=179561"}],"curies":[{"name":"wp","href":"https:\/\/api.w.org\/{rel}","templated":true}]}}