{"id":179559,"date":"2025-12-21T13:02:18","date_gmt":"2025-12-21T10:02:18","guid":{"rendered":"https:\/\/baldumarket.lt\/product\/komoda-provance-pro-041-02\/"},"modified":"2026-03-05T09:39:35","modified_gmt":"2026-03-05T06:39:35","slug":"komoda-provance-pro-041-02","status":"publish","type":"product","link":"https:\/\/baldumarket.lt\/lt\/product\/komoda-provance-pro-041-02\/","title":{"rendered":"PROVANCE komoda &#8211; PRO.041.02"},"content":{"rendered":"<p>PRO.041.02 vyno spintel\u0117 i\u0161 \u201eProvance\u201c kolekcijos \u2013 tai \u017eavinga ir ne\u012ftik\u0117tinai prakti\u0161ka vyno spintel\u0117, kuri sukurs unikali\u0105 atmosfer\u0105 j\u016bs\u0173 interjere. Vir\u0161uje yra speciali erdv\u0117, puikiai tinkanti m\u0117gstamos vyno kolekcijos eksponavimui ir laikymui. \u0160is gra\u017eiai pateiktas vynas yra lengvai pasiekiamas. Be to, special\u016bs tauri\u0173 laikikliai leid\u017eia eleganti\u0161kai ir funkcionaliai laikyti vyno taures. Tai ne tik prakti\u0161kas sprendimas, bet ir gra\u017eus dekoratyvinis elementas, pabr\u0117\u017eiantis kaimi\u0161k\u0105 \u201eProvance\u201c kolekcijos charakter\u012f. Pagaminta i\u0161 auk\u0161tos kokyb\u0117s pu\u0161ies medienos, spintel\u0117 garantuoja patvarum\u0105 ir nat\u016brali\u0105 estetik\u0105. Ji sukurs unikal\u0173 kampel\u012f j\u016bs\u0173 m\u0117gstamiausiems vynams, suteikdama j\u016bs\u0173 interjerui \u017eavesio ir elegancijos.<\/p>","protected":false},"excerpt":{"rendered":"<p>Plotis: 74 cm<br \/>\nGylis: 42 cm<br \/>\n\u016agis: 132 cm<\/p>","protected":false},"featured_media":179560,"comment_status":"open","ping_status":"open","template":"","meta":[],"product_brand":[],"product_cat":[9801,1173,4745],"product_tag":[],"class_list":{"0":"post-179559","1":"product","2":"type-product","3":"status-publish","4":"has-post-thumbnail","6":"product_cat-furniture-system-provance-krysiak","7":"product_cat-chests-of-drawers","8":"product_cat-krysiak","10":"first","11":"instock","12":"purchasable","13":"product-type-simple"},"_links":{"self":[{"href":"https:\/\/baldumarket.lt\/lt\/wp-json\/wp\/v2\/product\/179559","targetHints":{"allow":["GET"]}}],"collection":[{"href":"https:\/\/baldumarket.lt\/lt\/wp-json\/wp\/v2\/product"}],"about":[{"href":"https:\/\/baldumarket.lt\/lt\/wp-json\/wp\/v2\/types\/product"}],"replies":[{"embeddable":true,"href":"https:\/\/baldumarket.lt\/lt\/wp-json\/wp\/v2\/comments?post=179559"}],"wp:featuredmedia":[{"embeddable":true,"href":"https:\/\/baldumarket.lt\/lt\/wp-json\/wp\/v2\/media\/179560"}],"wp:attachment":[{"href":"https:\/\/baldumarket.lt\/lt\/wp-json\/wp\/v2\/media?parent=179559"}],"wp:term":[{"taxonomy":"product_brand","embeddable":true,"href":"https:\/\/baldumarket.lt\/lt\/wp-json\/wp\/v2\/product_brand?post=179559"},{"taxonomy":"product_cat","embeddable":true,"href":"https:\/\/baldumarket.lt\/lt\/wp-json\/wp\/v2\/product_cat?post=179559"},{"taxonomy":"product_tag","embeddable":true,"href":"https:\/\/baldumarket.lt\/lt\/wp-json\/wp\/v2\/product_tag?post=179559"}],"curies":[{"name":"wp","href":"https:\/\/api.w.org\/{rel}","templated":true}]}}