{"id":179557,"date":"2025-12-21T13:02:17","date_gmt":"2025-12-21T10:02:17","guid":{"rendered":"https:\/\/baldumarket.lt\/product\/komoda-provance-pro-040-02\/"},"modified":"2026-03-05T09:39:35","modified_gmt":"2026-03-05T06:39:35","slug":"komoda-provance-pro-040-02","status":"publish","type":"product","link":"https:\/\/baldumarket.lt\/lt\/product\/komoda-provance-pro-040-02\/","title":{"rendered":"PROVANCE komoda &#8211; PRO.040.02"},"content":{"rendered":"<p>\u201eProvance\u201c kolekcijos komoda PRO.040.02 \u2013 tai \u017eavingas ir ne\u012ftik\u0117tinai prakti\u0161kas baldas, kuris puikiai papildys j\u016bs\u0173 interjer\u0105. \u0160i kompakti\u0161ka komoda turi dureles ir du stal\u010dius vir\u0161uje, tod\u0117l idealiai tinka laikyti \u012fvairius smulkius daiktus. Jos \u017eavesys ir unikalumas slypi Provanso stiliuje, b\u016bdingame \u201eProvance\u201c kolekcijai. Baldas pagamintas i\u0161 auk\u0161tos kokyb\u0117s pu\u0161ies medienos, suteikian\u010dios jai nat\u016bralaus \u017eavesio ir ilgaam\u017ei\u0161kumo. Be to, specialiai sukurta medienos sendinimo technologija suteikia komodai autenti\u0161k\u0105, kaimi\u0161k\u0105 charakter\u012f, atspindint\u012f Vidur\u017eemio j\u016bros regiono atmosfer\u0105. D\u0117l kompakti\u0161ko dyd\u017eio komoda PRO.040.02 puikiai tinka ma\u017eoms erdv\u0117ms, suteikdama jaukumo ir elegancijos.<\/p>","protected":false},"excerpt":{"rendered":"<p>Plotis: 55 cm<br \/>\nGylis: 42 cm<br \/>\n\u016agis: 118 cm<\/p>","protected":false},"featured_media":179558,"comment_status":"open","ping_status":"open","template":"","meta":[],"product_brand":[],"product_cat":[9801,1173,4745],"product_tag":[],"class_list":{"0":"post-179557","1":"product","2":"type-product","3":"status-publish","4":"has-post-thumbnail","6":"product_cat-furniture-system-provance-krysiak","7":"product_cat-chests-of-drawers","8":"product_cat-krysiak","10":"first","11":"instock","12":"purchasable","13":"product-type-simple"},"_links":{"self":[{"href":"https:\/\/baldumarket.lt\/lt\/wp-json\/wp\/v2\/product\/179557","targetHints":{"allow":["GET"]}}],"collection":[{"href":"https:\/\/baldumarket.lt\/lt\/wp-json\/wp\/v2\/product"}],"about":[{"href":"https:\/\/baldumarket.lt\/lt\/wp-json\/wp\/v2\/types\/product"}],"replies":[{"embeddable":true,"href":"https:\/\/baldumarket.lt\/lt\/wp-json\/wp\/v2\/comments?post=179557"}],"wp:featuredmedia":[{"embeddable":true,"href":"https:\/\/baldumarket.lt\/lt\/wp-json\/wp\/v2\/media\/179558"}],"wp:attachment":[{"href":"https:\/\/baldumarket.lt\/lt\/wp-json\/wp\/v2\/media?parent=179557"}],"wp:term":[{"taxonomy":"product_brand","embeddable":true,"href":"https:\/\/baldumarket.lt\/lt\/wp-json\/wp\/v2\/product_brand?post=179557"},{"taxonomy":"product_cat","embeddable":true,"href":"https:\/\/baldumarket.lt\/lt\/wp-json\/wp\/v2\/product_cat?post=179557"},{"taxonomy":"product_tag","embeddable":true,"href":"https:\/\/baldumarket.lt\/lt\/wp-json\/wp\/v2\/product_tag?post=179557"}],"curies":[{"name":"wp","href":"https:\/\/api.w.org\/{rel}","templated":true}]}}