{"id":179555,"date":"2025-12-21T13:02:15","date_gmt":"2025-12-21T10:02:15","guid":{"rendered":"https:\/\/baldumarket.lt\/product\/komoda-provance-pro-030-02\/"},"modified":"2026-03-05T09:39:35","modified_gmt":"2026-03-05T06:39:35","slug":"komoda-provance-pro-030-02","status":"publish","type":"product","link":"https:\/\/baldumarket.lt\/lt\/product\/komoda-provance-pro-030-02\/","title":{"rendered":"PROVANCE komoda &#8211; PRO.030.02"},"content":{"rendered":"<p>\u201eProvance\u201c kolekcijos vitrina PRO.030.02 \u2013 tai unikalus baldas, kuris puikiai papildys j\u016bs\u0173 interjer\u0105, suteikdamas jam rafinuoto charakterio. \u0160i eleganti\u0161ka vitrina pasi\u017eymi dviem stiklin\u0117mis ir dviem tvirtomis durel\u0117mis, puikiai papildan\u010diomis bendr\u0105 vaizd\u0105. Unikalios rankenos suteikia spintelei unikalaus \u017eavesio, suteikdamos jai i\u0161skirtinio charakterio. \u201eProvance\u201c kolekcija \u2013 tai eleganti\u0161k\u0173 Provanso stiliaus bald\u0173 kolekcija, kuri j\u016bs\u0173 interjerui suteiks \u0161ilt\u0105, Vidur\u017eemio j\u016bros regiono atmosfer\u0105. \u201eProvance\u201c kolekcijos baldai pagaminti beveik vien i\u0161 pu\u0161ies medienos, derinant nat\u016brali\u0105 estetik\u0105 su rafinuotu stiliumi. Be to, specialiai sukurta medienos sendinimo technologija ir patyrusi\u0173 meistr\u0173 rank\u0173 darbas suteikia baldams unikal\u0173 charakter\u012f. Auk\u0161\u010diausia gamybos kokyb\u0117 ir kilnios med\u017eiagos garantuoja gra\u017eius ir ilgaam\u017eius baldus. \u201eProvance\u201c kolekcijos vitrina PRO.030.02 \u2013 tai puikus funkcionalumo, estetikos ir patvarumo derinys, u\u017etikrinantis daugel\u012f met\u0173 d\u017eiaugsmo \u0161iuo gra\u017eiu baldu.<\/p>","protected":false},"excerpt":{"rendered":"<p>Plotis: 98 cm<br \/>\nGylis: 44 cm<br \/>\n\u016agis: 204 cm<\/p>","protected":false},"featured_media":179556,"comment_status":"open","ping_status":"open","template":"","meta":[],"product_brand":[],"product_cat":[9801,1173,4745],"product_tag":[],"class_list":{"0":"post-179555","1":"product","2":"type-product","3":"status-publish","4":"has-post-thumbnail","6":"product_cat-furniture-system-provance-krysiak","7":"product_cat-chests-of-drawers","8":"product_cat-krysiak","10":"first","11":"instock","12":"purchasable","13":"product-type-simple"},"_links":{"self":[{"href":"https:\/\/baldumarket.lt\/lt\/wp-json\/wp\/v2\/product\/179555","targetHints":{"allow":["GET"]}}],"collection":[{"href":"https:\/\/baldumarket.lt\/lt\/wp-json\/wp\/v2\/product"}],"about":[{"href":"https:\/\/baldumarket.lt\/lt\/wp-json\/wp\/v2\/types\/product"}],"replies":[{"embeddable":true,"href":"https:\/\/baldumarket.lt\/lt\/wp-json\/wp\/v2\/comments?post=179555"}],"wp:featuredmedia":[{"embeddable":true,"href":"https:\/\/baldumarket.lt\/lt\/wp-json\/wp\/v2\/media\/179556"}],"wp:attachment":[{"href":"https:\/\/baldumarket.lt\/lt\/wp-json\/wp\/v2\/media?parent=179555"}],"wp:term":[{"taxonomy":"product_brand","embeddable":true,"href":"https:\/\/baldumarket.lt\/lt\/wp-json\/wp\/v2\/product_brand?post=179555"},{"taxonomy":"product_cat","embeddable":true,"href":"https:\/\/baldumarket.lt\/lt\/wp-json\/wp\/v2\/product_cat?post=179555"},{"taxonomy":"product_tag","embeddable":true,"href":"https:\/\/baldumarket.lt\/lt\/wp-json\/wp\/v2\/product_tag?post=179555"}],"curies":[{"name":"wp","href":"https:\/\/api.w.org\/{rel}","templated":true}]}}