{"id":179553,"date":"2025-12-21T13:02:13","date_gmt":"2025-12-21T10:02:13","guid":{"rendered":"https:\/\/baldumarket.lt\/product\/komoda-provance-pro-021-02-pro-011-02\/"},"modified":"2026-03-05T09:39:35","modified_gmt":"2026-03-05T06:39:35","slug":"komoda-provance-pro-021-02-pro-011-02","status":"publish","type":"product","link":"https:\/\/baldumarket.lt\/lt\/product\/komoda-provance-pro-021-02-pro-011-02\/","title":{"rendered":"PROVANCE komoda &#8211; PRO.021.02 + PRO.011.02"},"content":{"rendered":"<p>Komoda su \u012fmontuota lentyna yra i\u0161skirtinai stilingas baldas, suteikiantis elegancijos ir rafinuotumo bet kuriai svetainei, valgomajam ar virtuvei. Unikalus dizainas ir kruop\u0161tus meistri\u0161kumas paver\u010dia j\u0105 tikru interjero akcentu. Vir\u0161utin\u0117 dalis, vitrina, puikiai tinka gra\u017eioms dekoracijoms, kolekciniams daiktams ar stikliniams indams eksponuoti, o apatin\u0117s durel\u0117s suteikia diskreti\u0161k\u0105 viet\u0105 \u012fvairiems daiktams laikyti. \u0160i komoda ne tik pagerins j\u016bs\u0173 kambario dizain\u0105, bet ir bus prakti\u0161kas sprendimas \u012fvairiems daiktams laikyti ir eksponuoti.<\/p>","protected":false},"excerpt":{"rendered":"<p>Plotis: 98 cm<br \/>\nGylis: 36 cm<br \/>\n\u016agis: 204 cm<\/p>","protected":false},"featured_media":179554,"comment_status":"open","ping_status":"open","template":"","meta":[],"product_brand":[],"product_cat":[9801,1173,4745],"product_tag":[],"class_list":{"0":"post-179553","1":"product","2":"type-product","3":"status-publish","4":"has-post-thumbnail","6":"product_cat-furniture-system-provance-krysiak","7":"product_cat-chests-of-drawers","8":"product_cat-krysiak","10":"first","11":"instock","12":"purchasable","13":"product-type-simple"},"_links":{"self":[{"href":"https:\/\/baldumarket.lt\/lt\/wp-json\/wp\/v2\/product\/179553","targetHints":{"allow":["GET"]}}],"collection":[{"href":"https:\/\/baldumarket.lt\/lt\/wp-json\/wp\/v2\/product"}],"about":[{"href":"https:\/\/baldumarket.lt\/lt\/wp-json\/wp\/v2\/types\/product"}],"replies":[{"embeddable":true,"href":"https:\/\/baldumarket.lt\/lt\/wp-json\/wp\/v2\/comments?post=179553"}],"wp:featuredmedia":[{"embeddable":true,"href":"https:\/\/baldumarket.lt\/lt\/wp-json\/wp\/v2\/media\/179554"}],"wp:attachment":[{"href":"https:\/\/baldumarket.lt\/lt\/wp-json\/wp\/v2\/media?parent=179553"}],"wp:term":[{"taxonomy":"product_brand","embeddable":true,"href":"https:\/\/baldumarket.lt\/lt\/wp-json\/wp\/v2\/product_brand?post=179553"},{"taxonomy":"product_cat","embeddable":true,"href":"https:\/\/baldumarket.lt\/lt\/wp-json\/wp\/v2\/product_cat?post=179553"},{"taxonomy":"product_tag","embeddable":true,"href":"https:\/\/baldumarket.lt\/lt\/wp-json\/wp\/v2\/product_tag?post=179553"}],"curies":[{"name":"wp","href":"https:\/\/api.w.org\/{rel}","templated":true}]}}