{"id":179551,"date":"2025-12-21T13:02:12","date_gmt":"2025-12-21T10:02:12","guid":{"rendered":"https:\/\/baldumarket.lt\/product\/komoda-provance-pro-014-02\/"},"modified":"2026-03-05T09:39:44","modified_gmt":"2026-03-05T06:39:44","slug":"komoda-provance-pro-014-02","status":"publish","type":"product","link":"https:\/\/baldumarket.lt\/lt\/product\/komoda-provance-pro-014-02\/","title":{"rendered":"PROVANCE komoda \u2013 PRO.014.02"},"content":{"rendered":"<p>Komoda PRO.014.02 \u2013 tai erdvi komoda, i\u0161siskirianti unikaliu dizainu ir funkcionalumu. Ji turi dvi eleganti\u0161kas dureles ir tris erdvius stal\u010dius, kuriuose yra daug vietos \u012fvairiems daiktams susid\u0117ti. Ta\u010diau tai dar ne viskas \u2013 komoda PRO.014.02 taip pat stebina unikaliomis ranken\u0117l\u0117mis, kurios suteikia baldui i\u0161skirtin\u0119 i\u0161vaizd\u0105 ir charakterio. Pagaminta i\u0161 auk\u0161tos kokyb\u0117s pu\u0161ies medienos, \u0161i komoda yra ne tik esteti\u0161kai patraukli, bet ir tvirta bei patvari. D\u0117l savo erdvumo ir unikali\u0173 detali\u0173 PRO.014.02 komoda papildys bet kok\u012f interjer\u0105, suteikdama elegancijos ir funkcionalumo.<\/p>","protected":false},"excerpt":{"rendered":"<p>Plotis: 145 cm<br \/>\nGylis: 42 cm<br \/>\nAuk\u0161tis: 83 cm<\/p>","protected":false},"featured_media":179552,"comment_status":"open","ping_status":"open","template":"","meta":[],"product_brand":[],"product_cat":[9801,1173,4745],"product_tag":[],"class_list":{"0":"post-179551","1":"product","2":"type-product","3":"status-publish","4":"has-post-thumbnail","6":"product_cat-furniture-system-provance-krysiak","7":"product_cat-chests-of-drawers","8":"product_cat-krysiak","10":"first","11":"instock","12":"purchasable","13":"product-type-simple"},"_links":{"self":[{"href":"https:\/\/baldumarket.lt\/lt\/wp-json\/wp\/v2\/product\/179551","targetHints":{"allow":["GET"]}}],"collection":[{"href":"https:\/\/baldumarket.lt\/lt\/wp-json\/wp\/v2\/product"}],"about":[{"href":"https:\/\/baldumarket.lt\/lt\/wp-json\/wp\/v2\/types\/product"}],"replies":[{"embeddable":true,"href":"https:\/\/baldumarket.lt\/lt\/wp-json\/wp\/v2\/comments?post=179551"}],"wp:featuredmedia":[{"embeddable":true,"href":"https:\/\/baldumarket.lt\/lt\/wp-json\/wp\/v2\/media\/179552"}],"wp:attachment":[{"href":"https:\/\/baldumarket.lt\/lt\/wp-json\/wp\/v2\/media?parent=179551"}],"wp:term":[{"taxonomy":"product_brand","embeddable":true,"href":"https:\/\/baldumarket.lt\/lt\/wp-json\/wp\/v2\/product_brand?post=179551"},{"taxonomy":"product_cat","embeddable":true,"href":"https:\/\/baldumarket.lt\/lt\/wp-json\/wp\/v2\/product_cat?post=179551"},{"taxonomy":"product_tag","embeddable":true,"href":"https:\/\/baldumarket.lt\/lt\/wp-json\/wp\/v2\/product_tag?post=179551"}],"curies":[{"name":"wp","href":"https:\/\/api.w.org\/{rel}","templated":true}]}}