{"id":179549,"date":"2025-12-21T13:02:10","date_gmt":"2025-12-21T10:02:10","guid":{"rendered":"https:\/\/baldumarket.lt\/product\/komoda-provance-pro-011-02\/"},"modified":"2026-03-05T09:39:44","modified_gmt":"2026-03-05T06:39:44","slug":"komoda-provance-pro-011-02","status":"publish","type":"product","link":"https:\/\/baldumarket.lt\/lt\/product\/komoda-provance-pro-011-02\/","title":{"rendered":"PROVANCE komoda &#8211; PRO.011.02"},"content":{"rendered":"<p>\u201eProvance\u201c komoda su stal\u010diais \u2013 PRO.011.02 \u2013 tai \u017eavinga ir prakti\u0161ka, ma\u017eesnio dyd\u017eio komoda. Ji suprojektuota su dviem durel\u0117mis, kad b\u016bt\u0173 lengva pasiekti laikomus daiktus. Pagaminta i\u0161 auk\u0161tos kokyb\u0117s pu\u0161ies, \u201eProvance\u201c komoda spinduliuoja nat\u016braliu gro\u017eiu ir rafinuotu stiliumi. Be to, d\u0117l medienos sendinimo technologijos ir kruop\u0161taus meistri\u0161kumo komoda \u012fgauna unikal\u0173 charakter\u012f ir \u017eaves\u012f. \u0160is baldas ne tik gra\u017eiai papuo\u0161 j\u016bs\u0173 interjer\u0105, bet ir tarnaus jums daugel\u012f met\u0173 d\u0117l savo patvarumo ir tvirtos konstrukcijos.<\/p>","protected":false},"excerpt":{"rendered":"<p>Plotis: 94 cm<br \/>\nGylis: 42 cm<br \/>\nAuk\u0161tis: 83 cm<\/p>","protected":false},"featured_media":179550,"comment_status":"open","ping_status":"open","template":"","meta":[],"product_brand":[],"product_cat":[9801,1173,4745],"product_tag":[],"class_list":{"0":"post-179549","1":"product","2":"type-product","3":"status-publish","4":"has-post-thumbnail","6":"product_cat-furniture-system-provance-krysiak","7":"product_cat-chests-of-drawers","8":"product_cat-krysiak","10":"first","11":"instock","12":"purchasable","13":"product-type-simple"},"_links":{"self":[{"href":"https:\/\/baldumarket.lt\/lt\/wp-json\/wp\/v2\/product\/179549","targetHints":{"allow":["GET"]}}],"collection":[{"href":"https:\/\/baldumarket.lt\/lt\/wp-json\/wp\/v2\/product"}],"about":[{"href":"https:\/\/baldumarket.lt\/lt\/wp-json\/wp\/v2\/types\/product"}],"replies":[{"embeddable":true,"href":"https:\/\/baldumarket.lt\/lt\/wp-json\/wp\/v2\/comments?post=179549"}],"wp:featuredmedia":[{"embeddable":true,"href":"https:\/\/baldumarket.lt\/lt\/wp-json\/wp\/v2\/media\/179550"}],"wp:attachment":[{"href":"https:\/\/baldumarket.lt\/lt\/wp-json\/wp\/v2\/media?parent=179549"}],"wp:term":[{"taxonomy":"product_brand","embeddable":true,"href":"https:\/\/baldumarket.lt\/lt\/wp-json\/wp\/v2\/product_brand?post=179549"},{"taxonomy":"product_cat","embeddable":true,"href":"https:\/\/baldumarket.lt\/lt\/wp-json\/wp\/v2\/product_cat?post=179549"},{"taxonomy":"product_tag","embeddable":true,"href":"https:\/\/baldumarket.lt\/lt\/wp-json\/wp\/v2\/product_tag?post=179549"}],"curies":[{"name":"wp","href":"https:\/\/api.w.org\/{rel}","templated":true}]}}