{"id":179547,"date":"2025-12-21T13:02:08","date_gmt":"2025-12-21T10:02:08","guid":{"rendered":"https:\/\/baldumarket.lt\/product\/komoda-provance-pro-010-02\/"},"modified":"2026-03-05T09:39:44","modified_gmt":"2026-03-05T06:39:44","slug":"komoda-provance-pro-010-02","status":"publish","type":"product","link":"https:\/\/baldumarket.lt\/lt\/product\/komoda-provance-pro-010-02\/","title":{"rendered":"PROVANCE komoda \u2013 PRO.010.02"},"content":{"rendered":"<p>Komoda \u201ePro.010.02\u201c \u2013 tai \u017eavinga ma\u017ea komoda su vienomis durel\u0117mis, kuri j\u016bs\u0173 interjerui suteiks unikalaus Provanso stiliaus. Unikal\u0173 charakter\u012f lemia specialiai sukurta medienos sendinimo technologija ir tikslus patyrusi\u0173 meistr\u0173 darbas. Pagaminta i\u0161 auk\u0161tos kokyb\u0117s pu\u0161ies, komoda \u201ePro.010.02\u201c garantuoja ne tik gro\u017e\u012f, bet ir patvarum\u0105 bei ilgaam\u017ei\u0161kum\u0105. Be to, \u0161i eleganti\u0161ka komoda tikrai sukurs \u0161ilt\u0105, Vidur\u017eemio j\u016bros regiono atmosfer\u0105 j\u016bs\u0173 interjere, suteikdama prakti\u0161kos vietos daiktams susid\u0117ti.<\/p>","protected":false},"excerpt":{"rendered":"<p>Plotis: 55 cm<br \/>\nGylis: 42 cm<br \/>\nAuk\u0161tis: 83 cm<\/p>","protected":false},"featured_media":179548,"comment_status":"open","ping_status":"open","template":"","meta":[],"product_brand":[],"product_cat":[9801,1173,4745],"product_tag":[],"class_list":{"0":"post-179547","1":"product","2":"type-product","3":"status-publish","4":"has-post-thumbnail","6":"product_cat-furniture-system-provance-krysiak","7":"product_cat-chests-of-drawers","8":"product_cat-krysiak","10":"first","11":"instock","12":"purchasable","13":"product-type-simple"},"_links":{"self":[{"href":"https:\/\/baldumarket.lt\/lt\/wp-json\/wp\/v2\/product\/179547","targetHints":{"allow":["GET"]}}],"collection":[{"href":"https:\/\/baldumarket.lt\/lt\/wp-json\/wp\/v2\/product"}],"about":[{"href":"https:\/\/baldumarket.lt\/lt\/wp-json\/wp\/v2\/types\/product"}],"replies":[{"embeddable":true,"href":"https:\/\/baldumarket.lt\/lt\/wp-json\/wp\/v2\/comments?post=179547"}],"wp:featuredmedia":[{"embeddable":true,"href":"https:\/\/baldumarket.lt\/lt\/wp-json\/wp\/v2\/media\/179548"}],"wp:attachment":[{"href":"https:\/\/baldumarket.lt\/lt\/wp-json\/wp\/v2\/media?parent=179547"}],"wp:term":[{"taxonomy":"product_brand","embeddable":true,"href":"https:\/\/baldumarket.lt\/lt\/wp-json\/wp\/v2\/product_brand?post=179547"},{"taxonomy":"product_cat","embeddable":true,"href":"https:\/\/baldumarket.lt\/lt\/wp-json\/wp\/v2\/product_cat?post=179547"},{"taxonomy":"product_tag","embeddable":true,"href":"https:\/\/baldumarket.lt\/lt\/wp-json\/wp\/v2\/product_tag?post=179547"}],"curies":[{"name":"wp","href":"https:\/\/api.w.org\/{rel}","templated":true}]}}