{"id":179543,"date":"2025-12-21T13:02:05","date_gmt":"2025-12-21T10:02:05","guid":{"rendered":"https:\/\/baldumarket.lt\/product\/komoda-moreno-mor-040-03\/"},"modified":"2026-03-05T09:25:08","modified_gmt":"2026-03-05T06:25:08","slug":"komoda-moreno-mor-040-03","status":"publish","type":"product","link":"https:\/\/baldumarket.lt\/lt\/product\/komoda-moreno-mor-040-03\/","title":{"rendered":"MORENO komoda \u2013 MOR.040.03"},"content":{"rendered":"<p>Komoda Mor.040.03 \u2013 tai funkcionalus ir stilingas baldas, kuris j\u016bs\u0173 interjerui suteiks rafinuoto charakterio ir prakti\u0161kumo. Pagaminta i\u0161 nat\u016bralaus \u0105\u017euolo faneros, komoda spinduliuoja elegancija ir nat\u016braliu gro\u017eiu, traukdama d\u0117mes\u012f bet kuriame kambaryje. Komod\u0105 sudaro dvi tvirtos vir\u0161utin\u0117s durel\u0117s, u\u017e kuri\u0173 slypi erdvi daiktad\u0117\u017e\u0117. Po durel\u0117mis yra trys erdv\u016bs stal\u010diai, puikiai tinkantys smulkiems daiktams laikyti. Be to, de\u0161in\u0117je komodos pus\u0117je yra vitrina, besit\u0119sianti nuo komodos vir\u0161aus iki apa\u010dios, leid\u017eianti eksponuoti dekoratyvinius daiktus ar kolekcijas. Komoda Mor.040.03 ne tik \u017eavi estetiniu patrauklumu, bet ir gali pasigirti tvirta konstrukcija bei auk\u0161tos kokyb\u0117s apdaila. Nat\u016bralus \u0105\u017euolo fanera suteikia baldui patvarumo ir tvirtumo, garantuodamas ilgalaik\u012f naudojim\u0105. Tiek Mor.040.03 komodos plotis (114 cm), tiek gylis (40 cm) yra idealiai proporcingi, tod\u0117l j\u0105 lengva pritaikyti prie \u012fvairi\u0173 interjero dizain\u0173. Nesvarbu, koks j\u016bs\u0173 nam\u0173 stilius, \u0161i komoda bus prakti\u0161kas daikt\u0173 laikymo sprendimas ir dekoratyvinis elementas. Komoda Mor.040.03 yra ne tik prakti\u0161kas daikt\u0173 laikymo sprendimas, bet ir dizainerio sukurtas elementas, suteikiantis bet kokiam interjerui rafinuoto stiliaus ir funkcionalumo.<\/p>","protected":false},"excerpt":{"rendered":"<p>Plotis: 114 cm<br \/>\nGylis: 40 cm<br \/>\n\u016agis: 128 cm<\/p>","protected":false},"featured_media":179544,"comment_status":"open","ping_status":"open","template":"","meta":[],"product_brand":[],"product_cat":[9802,1173,4745],"product_tag":[],"class_list":{"0":"post-179543","1":"product","2":"type-product","3":"status-publish","4":"has-post-thumbnail","6":"product_cat-furniture-system-moreno-krysiak","7":"product_cat-chests-of-drawers","8":"product_cat-krysiak","10":"first","11":"instock","12":"purchasable","13":"product-type-simple"},"_links":{"self":[{"href":"https:\/\/baldumarket.lt\/lt\/wp-json\/wp\/v2\/product\/179543","targetHints":{"allow":["GET"]}}],"collection":[{"href":"https:\/\/baldumarket.lt\/lt\/wp-json\/wp\/v2\/product"}],"about":[{"href":"https:\/\/baldumarket.lt\/lt\/wp-json\/wp\/v2\/types\/product"}],"replies":[{"embeddable":true,"href":"https:\/\/baldumarket.lt\/lt\/wp-json\/wp\/v2\/comments?post=179543"}],"wp:featuredmedia":[{"embeddable":true,"href":"https:\/\/baldumarket.lt\/lt\/wp-json\/wp\/v2\/media\/179544"}],"wp:attachment":[{"href":"https:\/\/baldumarket.lt\/lt\/wp-json\/wp\/v2\/media?parent=179543"}],"wp:term":[{"taxonomy":"product_brand","embeddable":true,"href":"https:\/\/baldumarket.lt\/lt\/wp-json\/wp\/v2\/product_brand?post=179543"},{"taxonomy":"product_cat","embeddable":true,"href":"https:\/\/baldumarket.lt\/lt\/wp-json\/wp\/v2\/product_cat?post=179543"},{"taxonomy":"product_tag","embeddable":true,"href":"https:\/\/baldumarket.lt\/lt\/wp-json\/wp\/v2\/product_tag?post=179543"}],"curies":[{"name":"wp","href":"https:\/\/api.w.org\/{rel}","templated":true}]}}