{"id":179541,"date":"2025-12-21T13:02:03","date_gmt":"2025-12-21T10:02:03","guid":{"rendered":"https:\/\/baldumarket.lt\/product\/komoda-moreno-mor-010-03\/"},"modified":"2026-03-05T09:25:08","modified_gmt":"2026-03-05T06:25:08","slug":"komoda-moreno-mor-010-03","status":"publish","type":"product","link":"https:\/\/baldumarket.lt\/lt\/product\/komoda-moreno-mor-010-03\/","title":{"rendered":"MORENO komoda \u2013 MOR.010.03"},"content":{"rendered":"<p>\u201eMoreno\u201c kolekcija si\u016blo unikalius baldus, kuriuose unikali\u0173 med\u017eiag\u0173 gro\u017e\u012f pabr\u0117\u017eia precizi\u0161kas meistri\u0161kumas. Med\u017eio faneruot\u0117s ir med\u017eio masyvo element\u0173 derinys u\u017etikrina ilgaam\u017ei\u0161kum\u0105 ir nat\u016bral\u0173 gro\u017e\u012f. Tikslus korpuso kra\u0161t\u0173 frezavimas dar labiau pabr\u0117\u017eia auk\u0161t\u0105 med\u017eiag\u0173 kokyb\u0119. Detal\u016bs elementai, tokie kaip rudi aliuminio r\u0117mai, rankenos ir pro\u017eektoriai bald\u0173 viduje, suteikia \u201eMoreno\u201c kolekcijai nesenstant\u012f interjero dizain\u0105.<\/p>","protected":false},"excerpt":{"rendered":"<p>Plotis: 183 cm<br \/>\nGylis: 45 cm<br \/>\nAuk\u0161tis: 77 cm<\/p>","protected":false},"featured_media":179542,"comment_status":"open","ping_status":"open","template":"","meta":[],"product_brand":[],"product_cat":[9802,1173,4745],"product_tag":[],"class_list":{"0":"post-179541","1":"product","2":"type-product","3":"status-publish","4":"has-post-thumbnail","6":"product_cat-furniture-system-moreno-krysiak","7":"product_cat-chests-of-drawers","8":"product_cat-krysiak","10":"first","11":"instock","12":"purchasable","13":"product-type-simple"},"_links":{"self":[{"href":"https:\/\/baldumarket.lt\/lt\/wp-json\/wp\/v2\/product\/179541","targetHints":{"allow":["GET"]}}],"collection":[{"href":"https:\/\/baldumarket.lt\/lt\/wp-json\/wp\/v2\/product"}],"about":[{"href":"https:\/\/baldumarket.lt\/lt\/wp-json\/wp\/v2\/types\/product"}],"replies":[{"embeddable":true,"href":"https:\/\/baldumarket.lt\/lt\/wp-json\/wp\/v2\/comments?post=179541"}],"wp:featuredmedia":[{"embeddable":true,"href":"https:\/\/baldumarket.lt\/lt\/wp-json\/wp\/v2\/media\/179542"}],"wp:attachment":[{"href":"https:\/\/baldumarket.lt\/lt\/wp-json\/wp\/v2\/media?parent=179541"}],"wp:term":[{"taxonomy":"product_brand","embeddable":true,"href":"https:\/\/baldumarket.lt\/lt\/wp-json\/wp\/v2\/product_brand?post=179541"},{"taxonomy":"product_cat","embeddable":true,"href":"https:\/\/baldumarket.lt\/lt\/wp-json\/wp\/v2\/product_cat?post=179541"},{"taxonomy":"product_tag","embeddable":true,"href":"https:\/\/baldumarket.lt\/lt\/wp-json\/wp\/v2\/product_tag?post=179541"}],"curies":[{"name":"wp","href":"https:\/\/api.w.org\/{rel}","templated":true}]}}