{"id":179539,"date":"2025-12-21T13:02:02","date_gmt":"2025-12-21T10:02:02","guid":{"rendered":"https:\/\/baldumarket.lt\/product\/komoda-mala-verano-ver-011-15\/"},"modified":"2026-03-04T18:15:21","modified_gmt":"2026-03-04T15:15:21","slug":"komoda-mala-verano-ver-011-15","status":"publish","type":"product","link":"https:\/\/baldumarket.lt\/lt\/product\/komoda-mala-verano-ver-011-15\/","title":{"rendered":"Ma\u017ea VERANO komoda \u2013 VER.011.15"},"content":{"rendered":"<p>\u0160i ma\u017ea komoda puikiai tinka ma\u017eesn\u0117ms erdv\u0117ms, kur svarbiausia estetika ir funkcionalumas. Tur\u0117dama tris dureles, ji si\u016blo daug vietos daiktams susid\u0117ti, i\u0161laikydama kompakti\u0161k\u0105 form\u0105. Amerikieti\u0161ko rie\u0161utmed\u017eio faneruot\u0117s fasad\u0173 ir nat\u016bralaus \u0105\u017euolo faneruot\u0117s korpuso derinys suteikia baldui eleganti\u0161k\u0105 charakter\u012f, kur\u012f pabr\u0117\u017eia metalinis r\u0117mas. \u012est\u016bmimo sistema ir savaime u\u017esidarantys vyriai u\u017etikrina paprast\u0105 naudojim\u0105.<\/p>","protected":false},"excerpt":{"rendered":"<p>Plotis: 140 cm<br \/>\nGylis: 45 cm<br \/>\nAuk\u0161tis: 75 cm<\/p>","protected":false},"featured_media":179540,"comment_status":"open","ping_status":"open","template":"","meta":[],"product_brand":[],"product_cat":[9793,1173,4745],"product_tag":[],"class_list":{"0":"post-179539","1":"product","2":"type-product","3":"status-publish","4":"has-post-thumbnail","6":"product_cat-furniture-system-verano-krysiak-meble","7":"product_cat-chests-of-drawers","8":"product_cat-krysiak","10":"first","11":"instock","12":"purchasable","13":"product-type-simple"},"_links":{"self":[{"href":"https:\/\/baldumarket.lt\/lt\/wp-json\/wp\/v2\/product\/179539","targetHints":{"allow":["GET"]}}],"collection":[{"href":"https:\/\/baldumarket.lt\/lt\/wp-json\/wp\/v2\/product"}],"about":[{"href":"https:\/\/baldumarket.lt\/lt\/wp-json\/wp\/v2\/types\/product"}],"replies":[{"embeddable":true,"href":"https:\/\/baldumarket.lt\/lt\/wp-json\/wp\/v2\/comments?post=179539"}],"wp:featuredmedia":[{"embeddable":true,"href":"https:\/\/baldumarket.lt\/lt\/wp-json\/wp\/v2\/media\/179540"}],"wp:attachment":[{"href":"https:\/\/baldumarket.lt\/lt\/wp-json\/wp\/v2\/media?parent=179539"}],"wp:term":[{"taxonomy":"product_brand","embeddable":true,"href":"https:\/\/baldumarket.lt\/lt\/wp-json\/wp\/v2\/product_brand?post=179539"},{"taxonomy":"product_cat","embeddable":true,"href":"https:\/\/baldumarket.lt\/lt\/wp-json\/wp\/v2\/product_cat?post=179539"},{"taxonomy":"product_tag","embeddable":true,"href":"https:\/\/baldumarket.lt\/lt\/wp-json\/wp\/v2\/product_tag?post=179539"}],"curies":[{"name":"wp","href":"https:\/\/api.w.org\/{rel}","templated":true}]}}