{"id":179535,"date":"2025-12-21T13:01:58","date_gmt":"2025-12-21T10:01:58","guid":{"rendered":"https:\/\/baldumarket.lt\/product\/komoda-mala-can-011-13\/"},"modified":"2026-03-04T18:11:17","modified_gmt":"2026-03-04T15:11:17","slug":"komoda-mala-can-011-13","status":"publish","type":"product","link":"https:\/\/baldumarket.lt\/lt\/product\/komoda-mala-can-011-13\/","title":{"rendered":"Ma\u017ea komoda CANTIERO CAN.011.13"},"content":{"rendered":"<p>\u0160i ma\u017ea komoda \u2013 eleganti\u0161kas ir stilingas baldas, puikiai tinkantis svetainei, prie\u0161kambariui ar valgomajam. Komoda turi dvi stumdomas duris ir dvi prakti\u0161kas lentynas, puikiai tinkan\u010dias dokumentams, indams ar tekstil\u0117s gaminiams laikyti. Tiek priekin\u0117s dalys, tiek korpusas pagaminti i\u0161 nat\u016bralaus \u0105\u017euolo faneros, o dekoratyviniai elementai ir rankenos \u2013 i\u0161 \u0105\u017euolo masyvo. R\u0117mas, paremtas \u0105\u017euolo kojel\u0117mis ir faneruota fanera, u\u017etikrina stabilum\u0105 ir vientis\u0105 estetik\u0105. \u0160ilta karamelinio \u0105\u017euolo spalva puikiai dera tiek su klasikiniu, tiek su moderniu interjeru.<\/p>","protected":false},"excerpt":{"rendered":"<p>\u0160i ma\u017ea komoda yra eleganti\u0161kas ir stilingas baldas, puikiai tinkantis svetainei, prie\u0161kambariui ar valgomajam. Komoda turi dvi stumdomas duris ir dvi prakti\u0161kas lentynas, puikiai tinkan\u010dias dokumentams, indams ar tekstil\u0117s gaminiams laikyti. Tiek priekin\u0117s dalys, tiek korpusas pagaminti i\u0161 nat\u016bralaus \u0105\u017euolo faneros, o dekoratyvin\u0117s [\u2026]<\/p>","protected":false},"featured_media":179536,"comment_status":"open","ping_status":"open","template":"","meta":[],"product_brand":[],"product_cat":[9792,9795,1173,4745],"product_tag":[],"class_list":{"0":"post-179535","1":"product","2":"type-product","3":"status-publish","4":"has-post-thumbnail","6":"product_cat-furniture-system-cantiero-krysiak-meble","7":"product_cat-furniture-system-cantiero-walnut-krysiak","8":"product_cat-chests-of-drawers","9":"product_cat-krysiak","11":"first","12":"instock","13":"purchasable","14":"product-type-simple"},"_links":{"self":[{"href":"https:\/\/baldumarket.lt\/lt\/wp-json\/wp\/v2\/product\/179535","targetHints":{"allow":["GET"]}}],"collection":[{"href":"https:\/\/baldumarket.lt\/lt\/wp-json\/wp\/v2\/product"}],"about":[{"href":"https:\/\/baldumarket.lt\/lt\/wp-json\/wp\/v2\/types\/product"}],"replies":[{"embeddable":true,"href":"https:\/\/baldumarket.lt\/lt\/wp-json\/wp\/v2\/comments?post=179535"}],"wp:featuredmedia":[{"embeddable":true,"href":"https:\/\/baldumarket.lt\/lt\/wp-json\/wp\/v2\/media\/179536"}],"wp:attachment":[{"href":"https:\/\/baldumarket.lt\/lt\/wp-json\/wp\/v2\/media?parent=179535"}],"wp:term":[{"taxonomy":"product_brand","embeddable":true,"href":"https:\/\/baldumarket.lt\/lt\/wp-json\/wp\/v2\/product_brand?post=179535"},{"taxonomy":"product_cat","embeddable":true,"href":"https:\/\/baldumarket.lt\/lt\/wp-json\/wp\/v2\/product_cat?post=179535"},{"taxonomy":"product_tag","embeddable":true,"href":"https:\/\/baldumarket.lt\/lt\/wp-json\/wp\/v2\/product_tag?post=179535"}],"curies":[{"name":"wp","href":"https:\/\/api.w.org\/{rel}","templated":true}]}}