{"id":179531,"date":"2025-12-21T13:01:55","date_gmt":"2025-12-21T10:01:55","guid":{"rendered":"https:\/\/baldumarket.lt\/product\/komoda-mala-130-cantiero-can-011-12-z-przesuwnymi-drzwiami\/"},"modified":"2026-03-04T18:11:17","modified_gmt":"2026-03-04T15:11:17","slug":"komoda-mala-130-cantiero-can-011-12-z-przesuwnymi-drzwiami","status":"publish","type":"product","link":"https:\/\/baldumarket.lt\/lt\/product\/komoda-mala-130-cantiero-can-011-12-z-przesuwnymi-drzwiami\/","title":{"rendered":"Ma\u017ea komoda 130 CANTIERO \u2013 CAN.011.12 su stumdomomis durel\u0117mis"},"content":{"rendered":"<p>\u0160i ma\u017ea \u201eCantiero\u201c kolekcijos komoda \u2013 tai harmoningas modernaus dizaino ir klasikin\u0117s elegancijos derinys, puikiai papildantis rafinuot\u0105 interjer\u0105. Pagaminta i\u0161 rie\u0161utmed\u017eio faneros ir masyvaus rie\u0161utmed\u017eio, komoda pasi\u017eymi rafinuota i\u0161vaizda ir tvirta konstrukcija. \u012erengtos dvi savaime u\u017esidaran\u010dios stumdomos durys, u\u017etikrinan\u010dios patog\u0173 naudojim\u0105 ir esteti\u0161k\u0105 apdail\u0105. Komodos viduje yra dvi erdvios lentynos, leid\u017eian\u010dios tvarkingai laikyti \u012fvairius daiktus. D\u0117l tikslaus meistri\u0161kumo ir eleganti\u0161ko dizaino ma\u017ea \u201eCantiero\u201c komoda papildys tiek modern\u0173, tiek klasikin\u012f interjer\u0105.<\/p>","protected":false},"excerpt":{"rendered":"<p>Plotis: 133 cm<br \/>\nGylis: 48 cm<br \/>\nAuk\u0161tis: 81 cm<\/p>","protected":false},"featured_media":179532,"comment_status":"open","ping_status":"open","template":"","meta":[],"product_brand":[],"product_cat":[9792,9795,1173,4745],"product_tag":[],"class_list":{"0":"post-179531","1":"product","2":"type-product","3":"status-publish","4":"has-post-thumbnail","6":"product_cat-furniture-system-cantiero-krysiak-meble","7":"product_cat-furniture-system-cantiero-walnut-krysiak","8":"product_cat-chests-of-drawers","9":"product_cat-krysiak","11":"first","12":"instock","13":"purchasable","14":"product-type-simple"},"_links":{"self":[{"href":"https:\/\/baldumarket.lt\/lt\/wp-json\/wp\/v2\/product\/179531","targetHints":{"allow":["GET"]}}],"collection":[{"href":"https:\/\/baldumarket.lt\/lt\/wp-json\/wp\/v2\/product"}],"about":[{"href":"https:\/\/baldumarket.lt\/lt\/wp-json\/wp\/v2\/types\/product"}],"replies":[{"embeddable":true,"href":"https:\/\/baldumarket.lt\/lt\/wp-json\/wp\/v2\/comments?post=179531"}],"wp:featuredmedia":[{"embeddable":true,"href":"https:\/\/baldumarket.lt\/lt\/wp-json\/wp\/v2\/media\/179532"}],"wp:attachment":[{"href":"https:\/\/baldumarket.lt\/lt\/wp-json\/wp\/v2\/media?parent=179531"}],"wp:term":[{"taxonomy":"product_brand","embeddable":true,"href":"https:\/\/baldumarket.lt\/lt\/wp-json\/wp\/v2\/product_brand?post=179531"},{"taxonomy":"product_cat","embeddable":true,"href":"https:\/\/baldumarket.lt\/lt\/wp-json\/wp\/v2\/product_cat?post=179531"},{"taxonomy":"product_tag","embeddable":true,"href":"https:\/\/baldumarket.lt\/lt\/wp-json\/wp\/v2\/product_tag?post=179531"}],"curies":[{"name":"wp","href":"https:\/\/api.w.org\/{rel}","templated":true}]}}