{"id":179524,"date":"2025-12-21T13:01:49","date_gmt":"2025-12-21T10:01:49","guid":{"rendered":"https:\/\/baldumarket.lt\/product\/komoda-loft-lof-013-dx\/"},"modified":"2026-03-04T18:35:56","modified_gmt":"2026-03-04T15:35:56","slug":"komoda-loft-lof-013-dx","status":"publish","type":"product","link":"https:\/\/baldumarket.lt\/lt\/product\/komoda-loft-lof-013-dx\/","title":{"rendered":"LOFT tipo komoda su stal\u010diais \u2013 LOF.013.DX"},"content":{"rendered":"<p>\u201eLoft\u201c komoda \u2013 LOF.013.XX \u2013 tai i\u0161skirtinis \u201eLoft\u201c kolekcijos baldas, puikiai papildantis lofto stili\u0173. Pagaminta i\u0161 oksiduot\u0173 nat\u016brali\u0173 med\u017eio dro\u017eli\u0173, komoda pasi\u017eymi juodo aliuminio r\u0117mais, u\u017epildytais tinkleliu, o deran\u010dios metalin\u0117s rankenos suteikia lofto charakterio. Komoda yra funkcionali ir prakti\u0161ka, turi vien\u0105 medin\u012f stal\u010di\u0173 ir tris medines duris, \u012fskaitant vienas r\u0117mines. D\u0117l ap\u0161vietimo \u201eLoft\u201c komoda puikiai atrodo bet kuriame kambaryje, suteikdama jam unikali\u0105 atmosfer\u0105. Oksiduoto \u0105\u017euolo arba nat\u016bralaus aliejaus spalvos komoda dar labiau pabr\u0117\u017eia i\u0161skirtin\u012f \u201eLoft\u201c kolekcijos charakter\u012f. \u201eLoft\u201c komoda yra ne tik prakti\u0161kas daikt\u0173 laikymo sprendimas, bet ir dekoratyvinis elementas, suteiksiantis j\u016bs\u0173 interjerui unikal\u0173, lofto stiliaus charakter\u012f.<\/p>","protected":false},"excerpt":{"rendered":"<p>Plotis: 180 cm<br \/>\nGylis: 40 cm<br \/>\nAuk\u0161tis: 82 cm<\/p>","protected":false},"featured_media":179525,"comment_status":"open","ping_status":"open","template":"","meta":[],"product_brand":[],"product_cat":[9799,1173,4745],"product_tag":[],"class_list":{"0":"post-179524","1":"product","2":"type-product","3":"status-publish","4":"has-post-thumbnail","6":"product_cat-furniture-system-loft-krysiak","7":"product_cat-chests-of-drawers","8":"product_cat-krysiak","10":"first","11":"instock","12":"purchasable","13":"product-type-simple"},"_links":{"self":[{"href":"https:\/\/baldumarket.lt\/lt\/wp-json\/wp\/v2\/product\/179524","targetHints":{"allow":["GET"]}}],"collection":[{"href":"https:\/\/baldumarket.lt\/lt\/wp-json\/wp\/v2\/product"}],"about":[{"href":"https:\/\/baldumarket.lt\/lt\/wp-json\/wp\/v2\/types\/product"}],"replies":[{"embeddable":true,"href":"https:\/\/baldumarket.lt\/lt\/wp-json\/wp\/v2\/comments?post=179524"}],"wp:featuredmedia":[{"embeddable":true,"href":"https:\/\/baldumarket.lt\/lt\/wp-json\/wp\/v2\/media\/179525"}],"wp:attachment":[{"href":"https:\/\/baldumarket.lt\/lt\/wp-json\/wp\/v2\/media?parent=179524"}],"wp:term":[{"taxonomy":"product_brand","embeddable":true,"href":"https:\/\/baldumarket.lt\/lt\/wp-json\/wp\/v2\/product_brand?post=179524"},{"taxonomy":"product_cat","embeddable":true,"href":"https:\/\/baldumarket.lt\/lt\/wp-json\/wp\/v2\/product_cat?post=179524"},{"taxonomy":"product_tag","embeddable":true,"href":"https:\/\/baldumarket.lt\/lt\/wp-json\/wp\/v2\/product_tag?post=179524"}],"curies":[{"name":"wp","href":"https:\/\/api.w.org\/{rel}","templated":true}]}}